{"id":7604,"date":"2023-06-17T14:01:32","date_gmt":"2023-06-17T20:01:32","guid":{"rendered":"https:\/\/www.detecno.com\/costa-rica\/?page_id=7604"},"modified":"2023-06-17T14:15:29","modified_gmt":"2023-06-17T20:15:29","slug":"exppedify","status":"publish","type":"page","link":"https:\/\/www.detecno.com\/costa-rica\/exppedify\/","title":{"rendered":"Exppedify"},"content":{"rendered":"<section class=\"wpb-content-wrapper\"><p>[vc_row content_placement=&#8221;middle&#8221; kd_background_image_position=&#8221;vc_row-bg-position-center&#8221;][vc_column][vc_column_text]<\/p>\n<div class=\"n2_ss_slider_publish__option_code\" dir=\"ltr\" data-mode=\"alias\"><\/div>\n<p>[\/vc_column_text][\/vc_column][\/vc_row][vc_row full_width=&#8221;stretch_row&#8221; content_placement=&#8221;middle&#8221; kd_background_image_position=&#8221;vc_row-bg-position-top&#8221; el_class=&#8221;bg-custom-right&#8212;&#8221; css=&#8221;.vc_custom_1677639366956{background-position: center !important;background-repeat: no-repeat !important;background-size: contain !important;}&#8221;][vc_column][vc_empty_space height=&#8221;100px&#8221;][\/vc_column][\/vc_row][vc_row equal_height=&#8221;yes&#8221; content_placement=&#8221;middle&#8221; kd_background_image_position=&#8221;vc_row-bg-position-top&#8221; el_class=&#8221;bg-custom-right&#8212;&#8221; css=&#8221;.vc_custom_1677639320509{background-position: center !important;background-repeat: no-repeat !important;background-size: contain !important;}&#8221; css_mobile=&#8221;.vc_custom_1677639320512{background-image: url(https:\/\/www.detecno.com\/colombia-factura1\/wp-content\/uploads\/2022\/09\/pixel.png?id=4575) !important;}&#8221;][vc_column width=&#8221;1\/2&#8243;]<header class=\"kd-section-title col-lg-12 text-left  subtitle-below-title  main-title-2 \" ><h2 class=\"separator_off\" ><b>Resguarda y almacena el expediente digital<\/b> de tus clientes, proveedores y\/o empleados.<\/h2><\/header>[vc_column_text el_class=&#8221;color-main main-paragraph&#8221;]Con Exppedify podr\u00e1s generar y administrar el expediente de todos los proveedores comunes y de servicios especializados, para tener toda su informaci\u00f3n en un solo sitio con alta seguridad y cumpliendo la regulaci\u00f3n vigente.[\/vc_column_text][vc_empty_space][\/vc_column][vc_column width=&#8221;1\/2&#8243; offset=&#8221;vc_hidden-sm vc_hidden-xs&#8221;][vc_single_image image=&#8221;7606&#8243; img_size=&#8221;full&#8221; alignment=&#8221;center&#8221;][\/vc_column][\/vc_row][vc_row full_width=&#8221;stretch_row&#8221; content_placement=&#8221;middle&#8221; kd_background_image_position=&#8221;vc_row-bg-position-top&#8221; el_class=&#8221;bg-custom-right&#8221; css=&#8221;.vc_custom_1662107172365{background-position: center !important;background-repeat: no-repeat !important;background-size: contain !important;}&#8221;][vc_column offset=&#8221;vc_hidden-lg vc_hidden-md&#8221;][vc_single_image image=&#8221;7606&#8243; alignment=&#8221;center&#8221;][\/vc_column][\/vc_row][vc_row kd_background_image_position=&#8221;vc_row-bg-position-top&#8221;][vc_column offset=&#8221;vc_hidden-sm vc_hidden-xs&#8221;][vc_empty_space height=&#8221;100px&#8221;][\/vc_column][\/vc_row][vc_row kd_background_image_position=&#8221;vc_row-bg-position-top&#8221;][vc_column offset=&#8221;vc_hidden-lg vc_hidden-md&#8221;][vc_empty_space height=&#8221;50px&#8221;][\/vc_column][\/vc_row][vc_section el_id=&#8221;seccion-modulos&#8221;][vc_row kd_background_image_position=&#8221;vc_row-bg-position-top&#8221;][vc_column][vc_single_image image=&#8221;7607&#8243; img_size=&#8221;full&#8221; alignment=&#8221;center&#8221;]<header class=\"kd-section-title col-lg-12 text-center  subtitle-below-title  main-title-1 \" ><h2 class=\"separator_off\" ><b>Accede a Exppedify<\/b> desde el portal web en www.exppedify.com en la nube o local.<\/h2><\/header>[vc_column_text el_class=&#8221;color-main main-paragraph text-center&#8221;]Adem\u00e1s la plataforma requiere implementaci\u00f3n en caso de usar API&#8217;s.[\/vc_column_text][\/vc_column][\/vc_row][vc_row kd_background_image_position=&#8221;vc_row-bg-position-top&#8221;][vc_column offset=&#8221;vc_hidden-sm vc_hidden-xs&#8221;][vc_empty_space height=&#8221;100px&#8221;][\/vc_column][\/vc_row][vc_row kd_background_image_position=&#8221;vc_row-bg-position-top&#8221;][vc_column offset=&#8221;vc_hidden-lg vc_hidden-md&#8221;][vc_empty_space height=&#8221;50px&#8221;][\/vc_column][\/vc_row][\/vc_section][vc_row full_width=&#8221;stretch_row&#8221; kd_background_image_position=&#8221;vc_row-bg-position-top&#8221; css=&#8221;.vc_custom_1679689095596{padding-top: 35px !important;background-image: url(https:\/\/www.detecno.com\/colombia-factura1\/wp-content\/uploads\/2023\/03\/Exppedify_CTA-1.jpg?id=7338) !important;background-position: center !important;background-repeat: no-repeat !important;background-size: cover !important;}&#8221; css_mobile=&#8221;.vc_custom_1679689095599{padding-top: 50px !important;padding-bottom: 50px !important;}&#8221; el_class=&#8221;bg-custom-right&#8212;&#8220;][vc_column][vc_empty_space]<header class=\"kd-section-title col-lg-12 text-left  subtitle-below-title  main-title-2 \" ><h3 class=\"separator_off\" style=\"color: #ffffff;\"><b>\u00a1Resguarda el expediente<br \/>\nde tus proveedores,<\/b> clientes<br \/>\no empleados al instante!<\/h3><\/header>[vc_column_text el_class=&#8221;main-paragraph&#8221;]<span style=\"color: #ffffff;\">Solicita mas detalle sobre Exppedify<\/span>[\/vc_column_text][vc_empty_space][vc_btn title=&#8221;QUIERO M\u00c1S INFORMACI\u00d3N&#8221; style=&#8221;outline-custom&#8221; outline_custom_color=&#8221;#00ceff&#8221; outline_custom_hover_background=&#8221;#00ceff&#8221; outline_custom_hover_text=&#8221;#ffffff&#8221; shape=&#8221;round&#8221; size=&#8221;lg&#8221; align=&#8221;left&#8221; el_class=&#8221;btn-white-txt&#8221; link=&#8221;url:https%3A%2F%2Fwww.detecno.com%2Fcolombia-factura1%2Findex.php%2Fcontacto%2F|title:Contacto&#8221;][vc_empty_space][\/vc_column][\/vc_row][vc_row kd_background_image_position=&#8221;vc_row-bg-position-top&#8221;][vc_column offset=&#8221;vc_hidden-sm vc_hidden-xs&#8221;][vc_empty_space height=&#8221;100px&#8221;][\/vc_column][\/vc_row][vc_row kd_background_image_position=&#8221;vc_row-bg-position-top&#8221;][vc_column offset=&#8221;vc_hidden-lg vc_hidden-md&#8221;][vc_empty_space height=&#8221;50px&#8221;][\/vc_column][\/vc_row][vc_section][vc_row kd_background_image_position=&#8221;vc_row-bg-position-top&#8221;][vc_column]<header class=\"kd-section-title col-lg-12 text-center  subtitle-below-title  main-title-2 \" ><h2 class=\"separator_off\" ><b>Est\u00e1ndares de seguridad y calidad.<\/b><\/h2><\/header>[vc_empty_space][\/vc_column][\/vc_row][vc_row equal_height=&#8221;yes&#8221; content_placement=&#8221;middle&#8221; kd_background_image_position=&#8221;vc_row-bg-position-top&#8221; css_mobile=&#8221;.vc_custom_1679689121136{margin-top: 0px !important;margin-bottom: 0px !important;}&#8221; el_class=&#8221;logos-80&#8243;][vc_column width=&#8221;1\/5&#8243;][vc_single_image image=&#8221;7609&#8243; img_size=&#8221;full&#8221; alignment=&#8221;center&#8221; el_class=&#8221;ch-icon&#8221;][\/vc_column][vc_column width=&#8221;1\/5&#8243;][vc_single_image image=&#8221;7612&#8243; img_size=&#8221;full&#8221; alignment=&#8221;center&#8221; el_class=&#8221;ch-icon&#8221;][\/vc_column][vc_column width=&#8221;1\/5&#8243;][vc_single_image image=&#8221;7614&#8243; img_size=&#8221;full&#8221; alignment=&#8221;center&#8221; el_class=&#8221;ch-icon&#8221;][\/vc_column][vc_column width=&#8221;1\/5&#8243;][vc_single_image image=&#8221;7616&#8243; img_size=&#8221;full&#8221; alignment=&#8221;center&#8221; el_class=&#8221;ch-icon&#8221;][\/vc_column][vc_column width=&#8221;1\/5&#8243;][vc_single_image image=&#8221;7618&#8243; img_size=&#8221;full&#8221; alignment=&#8221;center&#8221; el_class=&#8221;ch-icon&#8221;][\/vc_column][\/vc_row][vc_row kd_background_image_position=&#8221;vc_row-bg-position-top&#8221;][vc_column offset=&#8221;vc_hidden-sm vc_hidden-xs&#8221;][vc_empty_space height=&#8221;100px&#8221;][\/vc_column][\/vc_row][vc_row kd_background_image_position=&#8221;vc_row-bg-position-top&#8221;][vc_column offset=&#8221;vc_hidden-lg vc_hidden-md&#8221;][vc_empty_space height=&#8221;50px&#8221;][\/vc_column][\/vc_row][\/vc_section][vc_row kd_background_image_position=&#8221;vc_row-bg-position-top&#8221;][vc_column]<header class=\"kd-section-title col-lg-12 text-center  subtitle-below-title  main-title-2 \" ><h2 class=\"separator_off\" >Certificaciones y seguridad<br \/>\n<b>de la informaci\u00f3n<\/b><\/h2><\/header>[vc_empty_space][\/vc_column][\/vc_row][vc_row equal_height=&#8221;yes&#8221; content_placement=&#8221;middle&#8221; kd_background_image_position=&#8221;vc_row-bg-position-top&#8221;][vc_column width=&#8221;1\/2&#8243;][vc_column_text css=&#8221;.vc_custom_1677653963929{margin-top: 20px !important;}&#8221; el_class=&#8221;color-main main-paragraph&#8221;]<\/p>\n<h4>TU NEGOCIO AL D\u00cdA Y SIEMPRE<br \/>\n<strong>EN FUNCIONAMIENTO<\/strong><\/h4>\n<p>Nuestros procesos de gesti\u00f3n de riesgos, seguridad y manejo de incidentes nos permite manejar de manera adecuada nuestro negocio para que el tuyo nunca se detenga.<\/p>\n<p>&nbsp;<\/p>\n<h4>PROTEGEMOS TU NEGOCIO,<br \/>\n<strong>COMO SI FUERA EL NUESTRO<\/strong><\/h4>\n<p>Contamos con un equipo de profesionales, procesos y gesti\u00f3n interna altamente segura y confiable para que tu informaci\u00f3n siempre est\u00e9 protegida.<\/p>\n<p>&nbsp;<\/p>\n<h4>MANTENIENDO UN ALTO<br \/>\n<strong>EST\u00c1NDAR DE SEGURIDAD<\/strong><\/h4>\n<p>Contamos con un sistema de gesti\u00f3n de seguridad en la informaci\u00f3n, apegado al est\u00e1ndar ISO27001.[\/vc_column_text][\/vc_column][vc_column width=&#8221;1\/2&#8243;][vc_single_image image=&#8221;7619&#8243; img_size=&#8221;full&#8221;][\/vc_column][\/vc_row][vc_row kd_background_image_position=&#8221;vc_row-bg-position-top&#8221;][vc_column offset=&#8221;vc_hidden-sm vc_hidden-xs&#8221;][vc_empty_space height=&#8221;100px&#8221;][\/vc_column][\/vc_row][vc_row kd_background_image_position=&#8221;vc_row-bg-position-top&#8221;][vc_column offset=&#8221;vc_hidden-lg vc_hidden-md&#8221;][vc_empty_space height=&#8221;50px&#8221;][\/vc_column][\/vc_row]<\/p>\n<\/section>","protected":false},"excerpt":{"rendered":"<p>[vc_row content_placement=&#8221;middle&#8221; kd_background_image_position=&#8221;vc_row-bg-position-center&#8221;][vc_column][vc_column_text] [\/vc_column_text][\/vc_column][\/vc_row][vc_row full_width=&#8221;stretch_row&#8221; content_placement=&#8221;middle&#8221; kd_background_image_position=&#8221;vc_row-bg-position-top&#8221; el_class=&#8221;bg-custom-right&#8212;&#8221; css=&#8221;.vc_custom_1677639366956{background-position: center !important;background-repeat: no-repeat !important;background-size: contain !important;}&#8221;][vc_column][vc_empty_space height=&#8221;100px&#8221;][\/vc_column][\/vc_row][vc_row equal_height=&#8221;yes&#8221; content_placement=&#8221;middle&#8221; kd_background_image_position=&#8221;vc_row-bg-position-top&#8221; el_class=&#8221;bg-custom-right&#8212;&#8221; [&hellip;]<\/p>\n","protected":false},"author":1,"featured_media":0,"parent":0,"menu_order":0,"comment_status":"closed","ping_status":"closed","template":"","meta":[],"yoast_head":"<!-- This site is optimized with the Yoast SEO plugin v20.8 - https:\/\/yoast.com\/wordpress\/plugins\/seo\/ -->\n<title>Exppedify - Detecno Costa Rica I Facturaci\u00f3n Electr\u00f3nica, Firma Digital, EDI y Comercio B2B<\/title>\n<meta name=\"robots\" content=\"index, follow, max-snippet:-1, max-image-preview:large, max-video-preview:-1\" \/>\n<link rel=\"canonical\" href=\"https:\/\/www.detecno.com\/costa-rica\/exppedify\/\" \/>\n<meta property=\"og:locale\" content=\"es_ES\" \/>\n<meta property=\"og:type\" content=\"article\" \/>\n<meta property=\"og:title\" content=\"Exppedify - Detecno Costa Rica I Facturaci\u00f3n Electr\u00f3nica, Firma Digital, EDI y Comercio B2B\" \/>\n<meta property=\"og:description\" content=\"[vc_row content_placement=&#8221;middle&#8221; kd_background_image_position=&#8221;vc_row-bg-position-center&#8221;][vc_column][vc_column_text] [\/vc_column_text][\/vc_column][\/vc_row][vc_row full_width=&#8221;stretch_row&#8221; content_placement=&#8221;middle&#8221; kd_background_image_position=&#8221;vc_row-bg-position-top&#8221; el_class=&#8221;bg-custom-right&#8212;&#8221; css=&#8221;.vc_custom_1677639366956{background-position: center !important;background-repeat: no-repeat !important;background-size: contain !important;}&#8221;][vc_column][vc_empty_space height=&#8221;100px&#8221;][\/vc_column][\/vc_row][vc_row equal_height=&#8221;yes&#8221; content_placement=&#8221;middle&#8221; kd_background_image_position=&#8221;vc_row-bg-position-top&#8221; el_class=&#8221;bg-custom-right&#8212;&#8221; [&hellip;]\" \/>\n<meta property=\"og:url\" content=\"https:\/\/www.detecno.com\/costa-rica\/exppedify\/\" \/>\n<meta property=\"og:site_name\" content=\"Detecno Costa Rica I Facturaci\u00f3n Electr\u00f3nica, Firma Digital, EDI y Comercio B2B\" \/>\n<meta property=\"article:publisher\" content=\"https:\/\/www.facebook.com\/DetecnoMx\" \/>\n<meta property=\"article:modified_time\" content=\"2023-06-17T20:15:29+00:00\" \/>\n<meta name=\"twitter:card\" content=\"summary_large_image\" \/>\n<meta name=\"twitter:site\" content=\"@detecno_\" \/>\n<meta name=\"twitter:label1\" content=\"Tiempo de lectura\" \/>\n\t<meta name=\"twitter:data1\" content=\"2 minutos\" \/>\n<script type=\"application\/ld+json\" class=\"yoast-schema-graph\">{\"@context\":\"https:\/\/schema.org\",\"@graph\":[{\"@type\":\"WebPage\",\"@id\":\"https:\/\/www.detecno.com\/costa-rica\/exppedify\/\",\"url\":\"https:\/\/www.detecno.com\/costa-rica\/exppedify\/\",\"name\":\"Exppedify - Detecno Costa Rica I Facturaci\u00f3n Electr\u00f3nica, Firma Digital, EDI y Comercio B2B\",\"isPartOf\":{\"@id\":\"https:\/\/www.detecno.com\/costa-rica\/#website\"},\"datePublished\":\"2023-06-17T20:01:32+00:00\",\"dateModified\":\"2023-06-17T20:15:29+00:00\",\"breadcrumb\":{\"@id\":\"https:\/\/www.detecno.com\/costa-rica\/exppedify\/#breadcrumb\"},\"inLanguage\":\"es\",\"potentialAction\":[{\"@type\":\"ReadAction\",\"target\":[\"https:\/\/www.detecno.com\/costa-rica\/exppedify\/\"]}]},{\"@type\":\"BreadcrumbList\",\"@id\":\"https:\/\/www.detecno.com\/costa-rica\/exppedify\/#breadcrumb\",\"itemListElement\":[{\"@type\":\"ListItem\",\"position\":1,\"name\":\"Home\",\"item\":\"https:\/\/www.detecno.com\/costa-rica\/\"},{\"@type\":\"ListItem\",\"position\":2,\"name\":\"Exppedify\"}]},{\"@type\":\"WebSite\",\"@id\":\"https:\/\/www.detecno.com\/costa-rica\/#website\",\"url\":\"https:\/\/www.detecno.com\/costa-rica\/\",\"name\":\"Detecno Costa Rica I Facturaci\u00f3n Electr\u00f3nica, Firma Digital, EDI y Comercio B2B\",\"description\":\"Tu aliado en transformaci\u00f3n fiscal, mercantil y laboral.\",\"publisher\":{\"@id\":\"https:\/\/www.detecno.com\/costa-rica\/#organization\"},\"potentialAction\":[{\"@type\":\"SearchAction\",\"target\":{\"@type\":\"EntryPoint\",\"urlTemplate\":\"https:\/\/www.detecno.com\/costa-rica\/?s={search_term_string}\"},\"query-input\":\"required name=search_term_string\"}],\"inLanguage\":\"es\"},{\"@type\":\"Organization\",\"@id\":\"https:\/\/www.detecno.com\/costa-rica\/#organization\",\"name\":\"Detecno Costa Rica I Facturaci\u00f3n Electr\u00f3nica, Firma Digital, EDI y Comercio B2B\",\"url\":\"https:\/\/www.detecno.com\/costa-rica\/\",\"logo\":{\"@type\":\"ImageObject\",\"inLanguage\":\"es\",\"@id\":\"https:\/\/www.detecno.com\/costa-rica\/#\/schema\/logo\/image\/\",\"url\":\"https:\/\/www.detecno.com\/costa-rica\/wp-content\/uploads\/2022\/02\/detecno_color.png\",\"contentUrl\":\"https:\/\/www.detecno.com\/costa-rica\/wp-content\/uploads\/2022\/02\/detecno_color.png\",\"width\":111,\"height\":56,\"caption\":\"Detecno Costa Rica I Facturaci\u00f3n Electr\u00f3nica, Firma Digital, EDI y Comercio B2B\"},\"image\":{\"@id\":\"https:\/\/www.detecno.com\/costa-rica\/#\/schema\/logo\/image\/\"},\"sameAs\":[\"https:\/\/www.facebook.com\/DetecnoMx\",\"https:\/\/twitter.com\/detecno_\",\"https:\/\/www.instagram.com\/detecno\/\",\"https:\/\/www.linkedin.com\/company\/detecno-s-a-de-c-v-\/\"]}]}<\/script>\n<!-- \/ Yoast SEO plugin. -->","yoast_head_json":{"title":"Exppedify - Detecno Costa Rica I Facturaci\u00f3n Electr\u00f3nica, Firma Digital, EDI y Comercio B2B","robots":{"index":"index","follow":"follow","max-snippet":"max-snippet:-1","max-image-preview":"max-image-preview:large","max-video-preview":"max-video-preview:-1"},"canonical":"https:\/\/www.detecno.com\/costa-rica\/exppedify\/","og_locale":"es_ES","og_type":"article","og_title":"Exppedify - Detecno Costa Rica I Facturaci\u00f3n Electr\u00f3nica, Firma Digital, EDI y Comercio B2B","og_description":"[vc_row content_placement=&#8221;middle&#8221; kd_background_image_position=&#8221;vc_row-bg-position-center&#8221;][vc_column][vc_column_text] [\/vc_column_text][\/vc_column][\/vc_row][vc_row full_width=&#8221;stretch_row&#8221; content_placement=&#8221;middle&#8221; kd_background_image_position=&#8221;vc_row-bg-position-top&#8221; el_class=&#8221;bg-custom-right&#8212;&#8221; css=&#8221;.vc_custom_1677639366956{background-position: center !important;background-repeat: no-repeat !important;background-size: contain !important;}&#8221;][vc_column][vc_empty_space height=&#8221;100px&#8221;][\/vc_column][\/vc_row][vc_row equal_height=&#8221;yes&#8221; content_placement=&#8221;middle&#8221; kd_background_image_position=&#8221;vc_row-bg-position-top&#8221; el_class=&#8221;bg-custom-right&#8212;&#8221; [&hellip;]","og_url":"https:\/\/www.detecno.com\/costa-rica\/exppedify\/","og_site_name":"Detecno Costa Rica I Facturaci\u00f3n Electr\u00f3nica, Firma Digital, EDI y Comercio B2B","article_publisher":"https:\/\/www.facebook.com\/DetecnoMx","article_modified_time":"2023-06-17T20:15:29+00:00","twitter_card":"summary_large_image","twitter_site":"@detecno_","twitter_misc":{"Tiempo de lectura":"2 minutos"},"schema":{"@context":"https:\/\/schema.org","@graph":[{"@type":"WebPage","@id":"https:\/\/www.detecno.com\/costa-rica\/exppedify\/","url":"https:\/\/www.detecno.com\/costa-rica\/exppedify\/","name":"Exppedify - Detecno Costa Rica I Facturaci\u00f3n Electr\u00f3nica, Firma Digital, EDI y Comercio B2B","isPartOf":{"@id":"https:\/\/www.detecno.com\/costa-rica\/#website"},"datePublished":"2023-06-17T20:01:32+00:00","dateModified":"2023-06-17T20:15:29+00:00","breadcrumb":{"@id":"https:\/\/www.detecno.com\/costa-rica\/exppedify\/#breadcrumb"},"inLanguage":"es","potentialAction":[{"@type":"ReadAction","target":["https:\/\/www.detecno.com\/costa-rica\/exppedify\/"]}]},{"@type":"BreadcrumbList","@id":"https:\/\/www.detecno.com\/costa-rica\/exppedify\/#breadcrumb","itemListElement":[{"@type":"ListItem","position":1,"name":"Home","item":"https:\/\/www.detecno.com\/costa-rica\/"},{"@type":"ListItem","position":2,"name":"Exppedify"}]},{"@type":"WebSite","@id":"https:\/\/www.detecno.com\/costa-rica\/#website","url":"https:\/\/www.detecno.com\/costa-rica\/","name":"Detecno Costa Rica I Facturaci\u00f3n Electr\u00f3nica, Firma Digital, EDI y Comercio B2B","description":"Tu aliado en transformaci\u00f3n fiscal, mercantil y laboral.","publisher":{"@id":"https:\/\/www.detecno.com\/costa-rica\/#organization"},"potentialAction":[{"@type":"SearchAction","target":{"@type":"EntryPoint","urlTemplate":"https:\/\/www.detecno.com\/costa-rica\/?s={search_term_string}"},"query-input":"required name=search_term_string"}],"inLanguage":"es"},{"@type":"Organization","@id":"https:\/\/www.detecno.com\/costa-rica\/#organization","name":"Detecno Costa Rica I Facturaci\u00f3n Electr\u00f3nica, Firma Digital, EDI y Comercio B2B","url":"https:\/\/www.detecno.com\/costa-rica\/","logo":{"@type":"ImageObject","inLanguage":"es","@id":"https:\/\/www.detecno.com\/costa-rica\/#\/schema\/logo\/image\/","url":"https:\/\/www.detecno.com\/costa-rica\/wp-content\/uploads\/2022\/02\/detecno_color.png","contentUrl":"https:\/\/www.detecno.com\/costa-rica\/wp-content\/uploads\/2022\/02\/detecno_color.png","width":111,"height":56,"caption":"Detecno Costa Rica I Facturaci\u00f3n Electr\u00f3nica, Firma Digital, EDI y Comercio B2B"},"image":{"@id":"https:\/\/www.detecno.com\/costa-rica\/#\/schema\/logo\/image\/"},"sameAs":["https:\/\/www.facebook.com\/DetecnoMx","https:\/\/twitter.com\/detecno_","https:\/\/www.instagram.com\/detecno\/","https:\/\/www.linkedin.com\/company\/detecno-s-a-de-c-v-\/"]}]}},"_links":{"self":[{"href":"https:\/\/www.detecno.com\/costa-rica\/wp-json\/wp\/v2\/pages\/7604"}],"collection":[{"href":"https:\/\/www.detecno.com\/costa-rica\/wp-json\/wp\/v2\/pages"}],"about":[{"href":"https:\/\/www.detecno.com\/costa-rica\/wp-json\/wp\/v2\/types\/page"}],"author":[{"embeddable":true,"href":"https:\/\/www.detecno.com\/costa-rica\/wp-json\/wp\/v2\/users\/1"}],"replies":[{"embeddable":true,"href":"https:\/\/www.detecno.com\/costa-rica\/wp-json\/wp\/v2\/comments?post=7604"}],"version-history":[{"count":4,"href":"https:\/\/www.detecno.com\/costa-rica\/wp-json\/wp\/v2\/pages\/7604\/revisions"}],"predecessor-version":[{"id":7623,"href":"https:\/\/www.detecno.com\/costa-rica\/wp-json\/wp\/v2\/pages\/7604\/revisions\/7623"}],"wp:attachment":[{"href":"https:\/\/www.detecno.com\/costa-rica\/wp-json\/wp\/v2\/media?parent=7604"}],"curies":[{"name":"wp","href":"https:\/\/api.w.org\/{rel}","templated":true}]}}