{"id":7031,"date":"2023-03-04T09:06:00","date_gmt":"2023-03-04T09:06:00","guid":{"rendered":"https:\/\/www.detecno.com\/costa-rica\/?page_id=7031"},"modified":"2023-03-04T09:11:15","modified_gmt":"2023-03-04T09:11:15","slug":"estatus-de-servicios","status":"publish","type":"page","link":"https:\/\/www.detecno.com\/costa-rica\/estatus-de-servicios\/","title":{"rendered":"Estatus de servicios"},"content":{"rendered":"<section class=\"wpb-content-wrapper\"><p>[vc_row content_placement=&#8221;middle&#8221; kd_background_image_position=&#8221;vc_row-bg-position-center&#8221;][vc_column][vc_raw_html]JTNDaWZyYW1lJTIwc3JjJTNEJTI3aHR0cHMlM0ElMkYlMkZ3d3cuc2l0ZTI0eDcuY29tJTJGcHVibGljJTJGZGFzaGJvYXJkJTJGXzQtNzM1UFlXUldwbkhpaU4tMjVjclhGOFlUNWtYQTRwQnNrVmxpLWVTNFVmb3IxT0FmejZwQk4tUUEycXBUNUdacjY3UmxoeTRyRE51MlVsNk81aVV4RkQ4Y3htWGRuYTNPSmRuTUEyZkhqdXZyZ0l6SDBoY19UU3UyZm40cUklMjclMjBzY3JvbGxpbmclM0QlMjd5ZXMlMjclMjBhbGlnbiUzRCUyN2NlbnRlciUyNyUyMGhlaWdodCUzRCUyNzEyMDAlMjclMjB3aWR0aCUzRCUyNzEyMDAlMjclMjBib3JkZXIlM0QlMjcwJTI3JTIwZnJhbWVib3JkZXIlM0QlMjcwJTI3JTNFJTNDJTJGaWZyYW1lJTNF[\/vc_raw_html][\/vc_column][\/vc_row]<\/p>\n<\/section>","protected":false},"excerpt":{"rendered":"<p>[vc_row content_placement=&#8221;middle&#8221; kd_background_image_position=&#8221;vc_row-bg-position-center&#8221;][vc_column][vc_raw_html]JTNDaWZyYW1lJTIwc3JjJTNEJTI3aHR0cHMlM0ElMkYlMkZ3d3cuc2l0ZTI0eDcuY29tJTJGcHVibGljJTJGZGFzaGJvYXJkJTJGXzQtNzM1UFlXUldwbkhpaU4tMjVjclhGOFlUNWtYQTRwQnNrVmxpLWVTNFVmb3IxT0FmejZwQk4tUUEycXBUNUdacjY3UmxoeTRyRE51MlVsNk81aVV4RkQ4Y3htWGRuYTNPSmRuTUEyZkhqdXZyZ0l6SDBoY19UU3UyZm40cUklMjclMjBzY3JvbGxpbmclM0QlMjd5ZXMlMjclMjBhbGlnbiUzRCUyN2NlbnRlciUyNyUyMGhlaWdodCUzRCUyNzEyMDAlMjclMjB3aWR0aCUzRCUyNzEyMDAlMjclMjBib3JkZXIlM0QlMjcwJTI3JTIwZnJhbWVib3JkZXIlM0QlMjcwJTI3JTNFJTNDJTJGaWZyYW1lJTNF[\/vc_raw_html][\/vc_column][\/vc_row]<\/p>\n","protected":false},"author":1,"featured_media":0,"parent":0,"menu_order":0,"comment_status":"closed","ping_status":"closed","template":"","meta":[],"yoast_head":"<!-- This site is optimized with the Yoast SEO plugin v20.8 - https:\/\/yoast.com\/wordpress\/plugins\/seo\/ -->\n<title>Inicio I Bienvenido a Detecno<\/title>\n<meta name=\"description\" content=\"Encuentra la soluci\u00f3n que tu negocio necesita, somos tu aliado en transformaci\u00f3n fiscal, mercantil y laboral.\" \/>\n<meta name=\"robots\" content=\"index, follow, max-snippet:-1, max-image-preview:large, max-video-preview:-1\" \/>\n<link rel=\"canonical\" href=\"https:\/\/www.detecno.com\/costa-rica\/estatus-de-servicios\/\" \/>\n<meta property=\"og:locale\" content=\"es_ES\" \/>\n<meta property=\"og:type\" content=\"article\" \/>\n<meta property=\"og:title\" content=\"Inicio I Bienvenido a Detecno\" \/>\n<meta property=\"og:description\" content=\"Encuentra la soluci\u00f3n que tu negocio necesita, somos tu aliado en transformaci\u00f3n fiscal, mercantil y laboral.\" \/>\n<meta property=\"og:url\" content=\"https:\/\/www.detecno.com\/costa-rica\/estatus-de-servicios\/\" \/>\n<meta property=\"og:site_name\" content=\"Detecno Costa Rica I Facturaci\u00f3n Electr\u00f3nica, Firma Digital, EDI y Comercio B2B\" \/>\n<meta property=\"article:publisher\" content=\"https:\/\/www.facebook.com\/DetecnoMx\" \/>\n<meta property=\"article:modified_time\" content=\"2023-03-04T09:11:15+00:00\" \/>\n<meta name=\"twitter:card\" content=\"summary_large_image\" \/>\n<meta name=\"twitter:site\" content=\"@detecno_\" \/>\n<meta name=\"twitter:label1\" content=\"Tiempo de lectura\" \/>\n\t<meta name=\"twitter:data1\" content=\"1 minuto\" \/>\n<script type=\"application\/ld+json\" class=\"yoast-schema-graph\">{\"@context\":\"https:\/\/schema.org\",\"@graph\":[{\"@type\":\"WebPage\",\"@id\":\"https:\/\/www.detecno.com\/costa-rica\/estatus-de-servicios\/\",\"url\":\"https:\/\/www.detecno.com\/costa-rica\/estatus-de-servicios\/\",\"name\":\"Inicio I Bienvenido a Detecno\",\"isPartOf\":{\"@id\":\"https:\/\/www.detecno.com\/costa-rica\/#website\"},\"datePublished\":\"2023-03-04T09:06:00+00:00\",\"dateModified\":\"2023-03-04T09:11:15+00:00\",\"description\":\"Encuentra la soluci\u00f3n que tu negocio necesita, somos tu aliado en transformaci\u00f3n fiscal, mercantil y laboral.\",\"breadcrumb\":{\"@id\":\"https:\/\/www.detecno.com\/costa-rica\/estatus-de-servicios\/#breadcrumb\"},\"inLanguage\":\"es\",\"potentialAction\":[{\"@type\":\"ReadAction\",\"target\":[\"https:\/\/www.detecno.com\/costa-rica\/estatus-de-servicios\/\"]}]},{\"@type\":\"BreadcrumbList\",\"@id\":\"https:\/\/www.detecno.com\/costa-rica\/estatus-de-servicios\/#breadcrumb\",\"itemListElement\":[{\"@type\":\"ListItem\",\"position\":1,\"name\":\"Home\",\"item\":\"https:\/\/www.detecno.com\/costa-rica\/\"},{\"@type\":\"ListItem\",\"position\":2,\"name\":\"Estatus de servicios\"}]},{\"@type\":\"WebSite\",\"@id\":\"https:\/\/www.detecno.com\/costa-rica\/#website\",\"url\":\"https:\/\/www.detecno.com\/costa-rica\/\",\"name\":\"Detecno Costa Rica I Facturaci\u00f3n Electr\u00f3nica, Firma Digital, EDI y Comercio B2B\",\"description\":\"Tu aliado en transformaci\u00f3n fiscal, mercantil y laboral.\",\"publisher\":{\"@id\":\"https:\/\/www.detecno.com\/costa-rica\/#organization\"},\"potentialAction\":[{\"@type\":\"SearchAction\",\"target\":{\"@type\":\"EntryPoint\",\"urlTemplate\":\"https:\/\/www.detecno.com\/costa-rica\/?s={search_term_string}\"},\"query-input\":\"required name=search_term_string\"}],\"inLanguage\":\"es\"},{\"@type\":\"Organization\",\"@id\":\"https:\/\/www.detecno.com\/costa-rica\/#organization\",\"name\":\"Detecno Costa Rica I Facturaci\u00f3n Electr\u00f3nica, Firma Digital, EDI y Comercio B2B\",\"url\":\"https:\/\/www.detecno.com\/costa-rica\/\",\"logo\":{\"@type\":\"ImageObject\",\"inLanguage\":\"es\",\"@id\":\"https:\/\/www.detecno.com\/costa-rica\/#\/schema\/logo\/image\/\",\"url\":\"https:\/\/www.detecno.com\/costa-rica\/wp-content\/uploads\/2022\/02\/detecno_color.png\",\"contentUrl\":\"https:\/\/www.detecno.com\/costa-rica\/wp-content\/uploads\/2022\/02\/detecno_color.png\",\"width\":111,\"height\":56,\"caption\":\"Detecno Costa Rica I Facturaci\u00f3n Electr\u00f3nica, Firma Digital, EDI y Comercio B2B\"},\"image\":{\"@id\":\"https:\/\/www.detecno.com\/costa-rica\/#\/schema\/logo\/image\/\"},\"sameAs\":[\"https:\/\/www.facebook.com\/DetecnoMx\",\"https:\/\/twitter.com\/detecno_\",\"https:\/\/www.instagram.com\/detecno\/\",\"https:\/\/www.linkedin.com\/company\/detecno-s-a-de-c-v-\/\"]}]}<\/script>\n<!-- \/ Yoast SEO plugin. -->","yoast_head_json":{"title":"Inicio I Bienvenido a Detecno","description":"Encuentra la soluci\u00f3n que tu negocio necesita, somos tu aliado en transformaci\u00f3n fiscal, mercantil y laboral.","robots":{"index":"index","follow":"follow","max-snippet":"max-snippet:-1","max-image-preview":"max-image-preview:large","max-video-preview":"max-video-preview:-1"},"canonical":"https:\/\/www.detecno.com\/costa-rica\/estatus-de-servicios\/","og_locale":"es_ES","og_type":"article","og_title":"Inicio I Bienvenido a Detecno","og_description":"Encuentra la soluci\u00f3n que tu negocio necesita, somos tu aliado en transformaci\u00f3n fiscal, mercantil y laboral.","og_url":"https:\/\/www.detecno.com\/costa-rica\/estatus-de-servicios\/","og_site_name":"Detecno Costa Rica I Facturaci\u00f3n Electr\u00f3nica, Firma Digital, EDI y Comercio B2B","article_publisher":"https:\/\/www.facebook.com\/DetecnoMx","article_modified_time":"2023-03-04T09:11:15+00:00","twitter_card":"summary_large_image","twitter_site":"@detecno_","twitter_misc":{"Tiempo de lectura":"1 minuto"},"schema":{"@context":"https:\/\/schema.org","@graph":[{"@type":"WebPage","@id":"https:\/\/www.detecno.com\/costa-rica\/estatus-de-servicios\/","url":"https:\/\/www.detecno.com\/costa-rica\/estatus-de-servicios\/","name":"Inicio I Bienvenido a Detecno","isPartOf":{"@id":"https:\/\/www.detecno.com\/costa-rica\/#website"},"datePublished":"2023-03-04T09:06:00+00:00","dateModified":"2023-03-04T09:11:15+00:00","description":"Encuentra la soluci\u00f3n que tu negocio necesita, somos tu aliado en transformaci\u00f3n fiscal, mercantil y laboral.","breadcrumb":{"@id":"https:\/\/www.detecno.com\/costa-rica\/estatus-de-servicios\/#breadcrumb"},"inLanguage":"es","potentialAction":[{"@type":"ReadAction","target":["https:\/\/www.detecno.com\/costa-rica\/estatus-de-servicios\/"]}]},{"@type":"BreadcrumbList","@id":"https:\/\/www.detecno.com\/costa-rica\/estatus-de-servicios\/#breadcrumb","itemListElement":[{"@type":"ListItem","position":1,"name":"Home","item":"https:\/\/www.detecno.com\/costa-rica\/"},{"@type":"ListItem","position":2,"name":"Estatus de servicios"}]},{"@type":"WebSite","@id":"https:\/\/www.detecno.com\/costa-rica\/#website","url":"https:\/\/www.detecno.com\/costa-rica\/","name":"Detecno Costa Rica I Facturaci\u00f3n Electr\u00f3nica, Firma Digital, EDI y Comercio B2B","description":"Tu aliado en transformaci\u00f3n fiscal, mercantil y laboral.","publisher":{"@id":"https:\/\/www.detecno.com\/costa-rica\/#organization"},"potentialAction":[{"@type":"SearchAction","target":{"@type":"EntryPoint","urlTemplate":"https:\/\/www.detecno.com\/costa-rica\/?s={search_term_string}"},"query-input":"required name=search_term_string"}],"inLanguage":"es"},{"@type":"Organization","@id":"https:\/\/www.detecno.com\/costa-rica\/#organization","name":"Detecno Costa Rica I Facturaci\u00f3n Electr\u00f3nica, Firma Digital, EDI y Comercio B2B","url":"https:\/\/www.detecno.com\/costa-rica\/","logo":{"@type":"ImageObject","inLanguage":"es","@id":"https:\/\/www.detecno.com\/costa-rica\/#\/schema\/logo\/image\/","url":"https:\/\/www.detecno.com\/costa-rica\/wp-content\/uploads\/2022\/02\/detecno_color.png","contentUrl":"https:\/\/www.detecno.com\/costa-rica\/wp-content\/uploads\/2022\/02\/detecno_color.png","width":111,"height":56,"caption":"Detecno Costa Rica I Facturaci\u00f3n Electr\u00f3nica, Firma Digital, EDI y Comercio B2B"},"image":{"@id":"https:\/\/www.detecno.com\/costa-rica\/#\/schema\/logo\/image\/"},"sameAs":["https:\/\/www.facebook.com\/DetecnoMx","https:\/\/twitter.com\/detecno_","https:\/\/www.instagram.com\/detecno\/","https:\/\/www.linkedin.com\/company\/detecno-s-a-de-c-v-\/"]}]}},"_links":{"self":[{"href":"https:\/\/www.detecno.com\/costa-rica\/wp-json\/wp\/v2\/pages\/7031"}],"collection":[{"href":"https:\/\/www.detecno.com\/costa-rica\/wp-json\/wp\/v2\/pages"}],"about":[{"href":"https:\/\/www.detecno.com\/costa-rica\/wp-json\/wp\/v2\/types\/page"}],"author":[{"embeddable":true,"href":"https:\/\/www.detecno.com\/costa-rica\/wp-json\/wp\/v2\/users\/1"}],"replies":[{"embeddable":true,"href":"https:\/\/www.detecno.com\/costa-rica\/wp-json\/wp\/v2\/comments?post=7031"}],"version-history":[{"count":4,"href":"https:\/\/www.detecno.com\/costa-rica\/wp-json\/wp\/v2\/pages\/7031\/revisions"}],"predecessor-version":[{"id":7035,"href":"https:\/\/www.detecno.com\/costa-rica\/wp-json\/wp\/v2\/pages\/7031\/revisions\/7035"}],"wp:attachment":[{"href":"https:\/\/www.detecno.com\/costa-rica\/wp-json\/wp\/v2\/media?parent=7031"}],"curies":[{"name":"wp","href":"https:\/\/api.w.org\/{rel}","templated":true}]}}