{"id":3,"date":"2021-08-09T21:32:57","date_gmt":"2021-08-09T21:32:57","guid":{"rendered":"http:\/\/20.64.113.230\/?page_id=3"},"modified":"2022-09-02T18:25:30","modified_gmt":"2022-09-02T18:25:30","slug":"aviso-de-privacidad","status":"publish","type":"page","link":"https:\/\/www.detecno.com\/costa-rica\/aviso-de-privacidad\/","title":{"rendered":"Aviso de Privacidad"},"content":{"rendered":"<section class=\"wpb-content-wrapper\"><p>[vc_row full_width=&#8221;stretch_row&#8221; gap=&#8221;30&#8243; equal_height=&#8221;yes&#8221; content_placement=&#8221;middle&#8221; kd_background_image_position=&#8221;vc_row-bg-position-top&#8221; css=&#8221;.vc_custom_1662097478521{background-color: #2c4a96 !important;}&#8221; el_class=&#8221;banner-sp&#8221;][vc_column width=&#8221;1\/2&#8243;]<header class=\"kd-section-title col-lg-12 text-left  subtitle-below-title   \" ><h1 class=\"separator_off\" style=\"color: #ffffff;font-weight: 700;\">Aviso de Privacidad<\/h1><\/header>[\/vc_column][vc_column width=&#8221;1\/2&#8243;][vc_single_image image=&#8221;4668&#8243; img_size=&#8221;full&#8221; alignment=&#8221;right&#8221; el_class=&#8221;resize-on-xs&#8221; css=&#8221;.vc_custom_1662142596463{margin-bottom: -20px !important;}&#8221;][\/vc_column][\/vc_row][vc_row kd_background_image_position=&#8221;vc_row-bg-position-top&#8221; css=&#8221;.vc_custom_1662143129455{margin-top: 100px !important;}&#8221; css_mobile=&#8221;.vc_custom_1662143129457{margin-top: 50px !important;}&#8221; top_section_title=&#8221;&#8221; bottom_section_title=&#8221;&#8221;][vc_column][vc_column_text]<\/p>\r\n<h2 class=\"wp-block-heading\"><strong>A. Responsable de la protecci\u00f3n de sus datos personales<\/strong><\/h2>\r\n<p>Detecno S.A. de C.V. (en adelante DETECNO) con domicilio en: Calle Hidalgo 1911 Piso 3,colonia Obispado en Monterrey Nuevo Le\u00f3n. C\u00f3digo Postal 64060 M\u00e9xico. Tel\u00e9fono (81) 83367240 privacidad@detecno.com es el responsable del tratamiento de sus datos personales.<\/p>\r\n<p>Este aviso de privacidad tiene como prop\u00f3sito hacer del conocimiento del titular los datos personales que DETECNO recaba, el tratamiento al que ser\u00e1n sometidos, los procedimientos para revocar su consentimiento y el ejercicio de los derechos ARCO. Lo anterior con la finalidad de que el titular decida y controle el uso de su informaci\u00f3n personal.<\/p>\r\n<p>En este medio DETECNO no recaba informaci\u00f3n de datos personales sensibles, si lo hiciere se obtendr\u00eda el consentimiento expreso y por escrito del titular.<\/p>\r\n<p><br \/>\r\n<\/p>\r\n<h2 class=\"wp-block-heading\"><strong>B. \u00bfQu\u00e9 datos personales recaba DETECNO?<\/strong><\/h2>\r\n<p>Los datos requeridos est\u00e1n condicionados al tipo de producto y servicio que los usuarios utilicen. Se podr\u00e1n requerir alguno(s) \u00f3 todos los siguientes datos:<\/p>\r\n<p><br \/>\r\n<\/p>\r\n<ul>\r\n<li>Nombre<\/li>\r\n<li>Domicilio<\/li>\r\n<li>Clave del Registro Federal de Contribuyente (RFC)<\/li>\r\n<li>Tel\u00e9fono<\/li>\r\n<li>Registro federal de contribuyentes<\/li>\r\n<li>Correo electr\u00f3nico<\/li>\r\n<li>Clave Unica de Registro de Poblaci\u00f3n (CURP)<\/li>\r\n<li>N\u00famero de Seguridad Social (NSS)<\/li>\r\n<\/ul>\r\n<p><br \/>\r\n<\/p>\r\n<h2 class=\"wp-block-heading\"><strong>C. \u00bfD\u00f3nde obtenemos la informaci\u00f3n?<\/strong><\/h2>\r\n<p>En forma directa de manera verbal, a trav\u00e9s de contratos de servicio, medios electr\u00f3nicos, y telef\u00f3nicamente.<\/p>\r\n<p><br \/>\r\n<\/p>\r\n<h2 class=\"wp-block-heading\"><strong>D. \u00bfCu\u00e1l es la finalidad de obtener la informaci\u00f3n?<\/strong><\/h2>\r\n<p>Los datos personales recabados son utilizados para:<\/p>\r\n<p><br \/>\r\n<\/p>\r\n<ul>\r\n<li>Atender las obligaciones contractuales pactadas con nuestros clientes.<\/li>\r\n<li>Permitir que los usuarios de nuestras aplicaciones, productos y servicios puedan utilizarlos.<\/li>\r\n<li>Administrar y controlar la comercializaci\u00f3n de los productos y servicios.<\/li>\r\n<li>Tener comunicaci\u00f3n con nuestros prospectos, clientes y proveedores.<\/li>\r\n<li>Cumplir con la legislaci\u00f3n aplicable.<\/li>\r\n<\/ul>\r\n<p><br \/>\r\n<\/p>\r\n<h2 class=\"wp-block-heading\"><strong>E. Uso o divulgaci\u00f3n de la informaci\u00f3n<\/strong><\/h2>\r\n<p>DETECNO utilizar\u00e1 la informaci\u00f3n personal \u00fanicamente para los fines se\u00f1alados anteriormente. El titular acepta que DETECNO se reserva el derecho de transferir esta informaci\u00f3n a cualquier adquirente de la empresa, a cualquier subsidiaria, o alguna divisi\u00f3n o negocio de DETECNO, asi como a la ubicaci\u00f3n geogr\u00e1fica fuera de M\u00e9xico que corresponda al centro de datos contratado por DETECNO para hospedar la informaci\u00f3n recabada. Salvo esos casos, DETECNO no compartir\u00e1 o transferir\u00e1 sus datos a terceros salvo en los casos previstos en la Ley Federal de Protecci\u00f3n de Datos Personales o en cualquier otra legislaci\u00f3n o reglamento aplicable.<\/p>\r\n<p><br \/>\r\n<\/p>\r\n<h2 class=\"wp-block-heading\"><strong>F. Ejercicio de los derechos ARCO y revocaci\u00f3n del consentimiento<\/strong><\/h2>\r\n<p>Usted tiene el derecho de acceder a sus datos personales que poseemos y a los detalles del tratamiento de los mismos, as\u00ed como a rectificarlos en caso de ser inexactos o instruirnos cancelarlos cuando considere que resulten ser excesivos o innecesarios para las finalidades que justificaron su obtenci\u00f3n u oponerse al tratamiento de los mismos para fines espec\u00edficos.<\/p>\r\n<p>Adicionalmente, usted tiene el derecho de revocar el consentimiento otorgado a DETECNO para poseer su informaci\u00f3n personal.<\/p>\r\n<p>Los mecanismos que se han implementado para el ejercicio de dichos derechos y revocaci\u00f3n del consentimiento se realizan a trav\u00e9s del la presentaci\u00f3n de una solicitud a nuestro Responsable de la Protecci\u00f3n de Datos Privados del Personal (CPO) a quien se puede contactar en &nbsp;Calle Hidalgo 1911 Piso 3, colonia Obispado en Monterrey Nuevo Le\u00f3n. C\u00f3digo Postal 64060. Tel\u00e9fono (81) 4737-6096 privacidad@detecno.com<\/p>\r\n<p>Para ello deber\u00e1 atender los siguientes requisitos:<\/p>\r\n<p>Elaborar la petici\u00f3n por escrito y enviarla firmada al Responsable de la Protecci\u00f3n de Datos Privados del Personal (CPO) en el domicilio se\u00f1alado. Pudiendo tambi\u00e9n dirigirla al correo: privacidad@detecno.com<\/p>\r\n<p>La solicitud deber\u00e1 contener el nombre del solicitante y un correo electr\u00f3nico para recibir la respuesta a su solicitud.<\/p>\r\n<p>La solicitud deber\u00e1 especificar si desea:<\/p>\r\n<p><br \/>\r\n<\/p>\r\n<ul>\r\n<li>Revocar el consentimiento otorgado.<\/li>\r\n<li>Ejercer alguno de los derechos ARCO (se\u00f1alando cu\u00e1l de dichos derechos).<\/li>\r\n<li>La solicitud deber\u00e1 se\u00f1alar de manera clara y espec\u00edfica los datos personales sobre los cuales ejerce su solicitud.<\/li>\r\n<li>La solicitud deber\u00e1 anexar un documento con el que se acredite la identidad del solicitante. (Credencial para votar, Pasaporte, C\u00e9dula Profesional, Cartilla Militar u otra identificaci\u00f3n oficial)<\/li>\r\n<\/ul>\r\n<p>Una vez recibida se dar\u00e1 respuesta a su petici\u00f3n en un plazo m\u00e1ximo de 15 d\u00edas h\u00e1biles a la direcci\u00f3n de correo que haya se\u00f1alado en su solicitud.<\/p>\r\n<p><br \/>\r\n<\/p>\r\n<h2 class=\"wp-block-heading\"><strong>G. Cambios al aviso de privacidad DETECNO<\/strong><\/h2>\r\n<p>Nos reservamos el derecho de efectuar en cualquier momento modificaciones o actualizaciones al presente aviso de privacidad, para la atenci\u00f3n de novedades legislativas o jurisprudenciales, pol\u00edticas internas, nuevos requerimientos para la prestaci\u00f3n u ofrecimiento de nuestros servicios o productos y pr\u00e1cticas del mercado.<\/p>\r\n<p>Estas modificaciones estar\u00e1n disponibles al p\u00fablico a trav\u00e9s de nuestra p\u00e1gina de Internet www.detecno.com<\/p>\r\n<p>La fecha de la \u00faltima actualizaci\u00f3n al presente aviso de privacidad: 30 de Agosto de 2022<\/p>\r\n<p><br \/>\r\n<\/p>\r\n<h2 class=\"wp-block-heading\"><strong>H. Uso de cookies y web beacons<\/strong><\/h2>\r\n<p>Las cookies son archivos de texto que son descargados autom\u00e1ticamente y almacenados en el disco duro del equipo de c\u00f3mputo del usuario al navegar en una p\u00e1gina de Internet espec\u00edfica, que permiten recordar al servidor de Internet algunos datos sobre este usuario, entre ellos, sus preferencias para la visualizaci\u00f3n de las p\u00e1ginas en ese servidor, nombre y contrase\u00f1a.<\/p>\r\n<p>Por su parte, las web beacons son im\u00e1genes insertadas en una p\u00e1gina de Internet o correo electr\u00f3nico, que puede ser utilizado para monitorear el comportamiento de un visitante, como almacenar informaci\u00f3n sobre la direcci\u00f3n IP del usuario, duraci\u00f3n del tiempo de interacci\u00f3n en dicha p\u00e1gina y el tipo de navegador utilizado, entre otros.<\/p>\r\n<p>Le informamos que utilizamos cookies y web beacons para obtener informaci\u00f3n personal de usted, como la siguiente:<\/p>\r\n<p><br \/>\r\n<\/p>\r\n<ul>\r\n<li>Su tipo de navegador y sistema operativo.<\/li>\r\n<li>Las p\u00e1ginas de Internet que visita.<\/li>\r\n<li>Los v\u00ednculos que siguen.<\/li>\r\n<li>La direcci\u00f3n IP.<\/li>\r\n<li>El sitio que visit\u00f3 antes de entrar al nuestro.<\/li>\r\n<\/ul>\r\n<p>Glosario de t\u00e9rminos<\/p>\r\n<p>Consentimiento t\u00e1cito: se entender\u00e1 que el titular consiente t\u00e1citamente el tratamiento de sus datos, cuando habi\u00e9ndose puesto a su disposici\u00f3n el aviso de privacidad, no manifieste su oposici\u00f3n;<\/p>\r\n<p>Consentimiento expreso: el consentimiento ser\u00e1 expreso cuando la voluntad del titular se manifieste verbalmente, por escrito, por medios electr\u00f3nicos, \u00f3pticos o por cualquier otra tecnolog\u00eda, o por signos inequ\u00edvocos;<\/p>\r\n<p>Datos personales sensibles: Aquellos datos personales que afecten a la esfera m\u00e1s \u00edntima de su titular, o cuya utilizaci\u00f3n indebida pueda dar origen a discriminaci\u00f3n o conlleve un riesgo grave para \u00e9ste. En particular, se consideran sensibles aquellos que puedan revelar aspectos como origen racial o \u00e9tnico, estado de salud presente y futuro, informaci\u00f3n gen\u00e9tica, creencias religiosas, filos\u00f3ficas y morales, afiliaci\u00f3n sindical, opiniones pol\u00edticas, preferencia sexual;<\/p>\r\n<p>Derechos ARCO: Son los derechos de acceso, rectificaci\u00f3n, cancelaci\u00f3n y oposici\u00f3n;<\/p>\r\n<p>Encargado: La persona f\u00edsica o moral que sola o conjuntamente con otras trate datos personales por cuenta del responsable;<\/p>\r\n<p>Instituto: Instituto Federal de Acceso a la Informaci\u00f3n y Protecci\u00f3n de Datos;<\/p>\r\n<p>Ley: Ley Federal de Protecci\u00f3n de Datos Personales en Posesi\u00f3n de los Particulares;<\/p>\r\n<p>Responsable: persona f\u00edsica o moral de car\u00e1cter privado que decide sobre el tratamiento de datos personales;<\/p>\r\n<p>Titular: la persona f\u00edsica a quien corresponden los datos personales;<\/p>\r\n<p>Transferencia: toda comunicaci\u00f3n de datos realizada a persona distinta del responsable o encargado del tratamiento;<\/p>\r\n<p>Tratamiento: la obtenci\u00f3n, uso, divulgaci\u00f3n o almacenamiento de datos personales por cualquier medio. El uso abarca cualquier acci\u00f3n de acceso, manejo, aprovechamiento, transferencia o disposici\u00f3n de datos personales.<\/p>\r\n<p>[\/vc_column_text][\/vc_column][\/vc_row]<\/p>\r\n<\/section>","protected":false},"excerpt":{"rendered":"<p>[vc_row full_width=&#8221;stretch_row&#8221; gap=&#8221;30&#8243; equal_height=&#8221;yes&#8221; content_placement=&#8221;middle&#8221; kd_background_image_position=&#8221;vc_row-bg-position-top&#8221; css=&#8221;.vc_custom_1662097478521{background-color: #2c4a96 !important;}&#8221; el_class=&#8221;banner-sp&#8221;][vc_column width=&#8221;1\/2&#8243;][\/vc_column][vc_column width=&#8221;1\/2&#8243;][vc_single_image image=&#8221;4668&#8243; img_size=&#8221;full&#8221; alignment=&#8221;right&#8221; el_class=&#8221;resize-on-xs&#8221; css=&#8221;.vc_custom_1662142596463{margin-bottom: -20px !important;}&#8221;][\/vc_column][\/vc_row][vc_row kd_background_image_position=&#8221;vc_row-bg-position-top&#8221; [&hellip;]<\/p>\n","protected":false},"author":1,"featured_media":0,"parent":0,"menu_order":0,"comment_status":"closed","ping_status":"closed","template":"","meta":[],"yoast_head":"<!-- This site is optimized with the Yoast SEO plugin v20.8 - https:\/\/yoast.com\/wordpress\/plugins\/seo\/ -->\n<title>Aviso de Privacidad - Detecno Costa Rica I Facturaci\u00f3n Electr\u00f3nica, Firma Digital, EDI y Comercio B2B<\/title>\n<meta name=\"robots\" content=\"index, follow, max-snippet:-1, max-image-preview:large, max-video-preview:-1\" \/>\n<link rel=\"canonical\" href=\"https:\/\/www.detecno.com\/costa-rica\/aviso-de-privacidad\/\" \/>\n<meta property=\"og:locale\" content=\"es_ES\" \/>\n<meta property=\"og:type\" content=\"article\" \/>\n<meta property=\"og:title\" content=\"Aviso de Privacidad - Detecno Costa Rica I Facturaci\u00f3n Electr\u00f3nica, Firma Digital, EDI y Comercio B2B\" \/>\n<meta property=\"og:description\" content=\"[vc_row full_width=&#8221;stretch_row&#8221; gap=&#8221;30&#8243; equal_height=&#8221;yes&#8221; content_placement=&#8221;middle&#8221; kd_background_image_position=&#8221;vc_row-bg-position-top&#8221; css=&#8221;.vc_custom_1662097478521{background-color: #2c4a96 !important;}&#8221; el_class=&#8221;banner-sp&#8221;][vc_column width=&#8221;1\/2&#8243;][\/vc_column][vc_column width=&#8221;1\/2&#8243;][vc_single_image image=&#8221;4668&#8243; img_size=&#8221;full&#8221; alignment=&#8221;right&#8221; el_class=&#8221;resize-on-xs&#8221; css=&#8221;.vc_custom_1662142596463{margin-bottom: -20px !important;}&#8221;][\/vc_column][\/vc_row][vc_row kd_background_image_position=&#8221;vc_row-bg-position-top&#8221; [&hellip;]\" \/>\n<meta property=\"og:url\" content=\"https:\/\/www.detecno.com\/costa-rica\/aviso-de-privacidad\/\" \/>\n<meta property=\"og:site_name\" content=\"Detecno Costa Rica I Facturaci\u00f3n Electr\u00f3nica, Firma Digital, EDI y Comercio B2B\" \/>\n<meta property=\"article:publisher\" content=\"https:\/\/www.facebook.com\/DetecnoMx\" \/>\n<meta property=\"article:modified_time\" content=\"2022-09-02T18:25:30+00:00\" \/>\n<meta name=\"twitter:card\" content=\"summary_large_image\" \/>\n<meta name=\"twitter:site\" content=\"@detecno_\" \/>\n<meta name=\"twitter:label1\" content=\"Tiempo de lectura\" \/>\n\t<meta name=\"twitter:data1\" content=\"7 minutos\" \/>\n<script type=\"application\/ld+json\" class=\"yoast-schema-graph\">{\"@context\":\"https:\/\/schema.org\",\"@graph\":[{\"@type\":\"WebPage\",\"@id\":\"https:\/\/www.detecno.com\/costa-rica\/aviso-de-privacidad\/\",\"url\":\"https:\/\/www.detecno.com\/costa-rica\/aviso-de-privacidad\/\",\"name\":\"Aviso de Privacidad - Detecno Costa Rica I Facturaci\u00f3n Electr\u00f3nica, Firma Digital, EDI y Comercio B2B\",\"isPartOf\":{\"@id\":\"https:\/\/www.detecno.com\/costa-rica\/#website\"},\"datePublished\":\"2021-08-09T21:32:57+00:00\",\"dateModified\":\"2022-09-02T18:25:30+00:00\",\"breadcrumb\":{\"@id\":\"https:\/\/www.detecno.com\/costa-rica\/aviso-de-privacidad\/#breadcrumb\"},\"inLanguage\":\"es\",\"potentialAction\":[{\"@type\":\"ReadAction\",\"target\":[\"https:\/\/www.detecno.com\/costa-rica\/aviso-de-privacidad\/\"]}]},{\"@type\":\"BreadcrumbList\",\"@id\":\"https:\/\/www.detecno.com\/costa-rica\/aviso-de-privacidad\/#breadcrumb\",\"itemListElement\":[{\"@type\":\"ListItem\",\"position\":1,\"name\":\"Home\",\"item\":\"https:\/\/www.detecno.com\/costa-rica\/\"},{\"@type\":\"ListItem\",\"position\":2,\"name\":\"Aviso de Privacidad\"}]},{\"@type\":\"WebSite\",\"@id\":\"https:\/\/www.detecno.com\/costa-rica\/#website\",\"url\":\"https:\/\/www.detecno.com\/costa-rica\/\",\"name\":\"Detecno Costa Rica I Facturaci\u00f3n Electr\u00f3nica, Firma Digital, EDI y Comercio B2B\",\"description\":\"Tu aliado en transformaci\u00f3n fiscal, mercantil y laboral.\",\"publisher\":{\"@id\":\"https:\/\/www.detecno.com\/costa-rica\/#organization\"},\"potentialAction\":[{\"@type\":\"SearchAction\",\"target\":{\"@type\":\"EntryPoint\",\"urlTemplate\":\"https:\/\/www.detecno.com\/costa-rica\/?s={search_term_string}\"},\"query-input\":\"required name=search_term_string\"}],\"inLanguage\":\"es\"},{\"@type\":\"Organization\",\"@id\":\"https:\/\/www.detecno.com\/costa-rica\/#organization\",\"name\":\"Detecno Costa Rica I Facturaci\u00f3n Electr\u00f3nica, Firma Digital, EDI y Comercio B2B\",\"url\":\"https:\/\/www.detecno.com\/costa-rica\/\",\"logo\":{\"@type\":\"ImageObject\",\"inLanguage\":\"es\",\"@id\":\"https:\/\/www.detecno.com\/costa-rica\/#\/schema\/logo\/image\/\",\"url\":\"https:\/\/www.detecno.com\/costa-rica\/wp-content\/uploads\/2022\/02\/detecno_color.png\",\"contentUrl\":\"https:\/\/www.detecno.com\/costa-rica\/wp-content\/uploads\/2022\/02\/detecno_color.png\",\"width\":111,\"height\":56,\"caption\":\"Detecno Costa Rica I Facturaci\u00f3n Electr\u00f3nica, Firma Digital, EDI y Comercio B2B\"},\"image\":{\"@id\":\"https:\/\/www.detecno.com\/costa-rica\/#\/schema\/logo\/image\/\"},\"sameAs\":[\"https:\/\/www.facebook.com\/DetecnoMx\",\"https:\/\/twitter.com\/detecno_\",\"https:\/\/www.instagram.com\/detecno\/\",\"https:\/\/www.linkedin.com\/company\/detecno-s-a-de-c-v-\/\"]}]}<\/script>\n<!-- \/ Yoast SEO plugin. -->","yoast_head_json":{"title":"Aviso de Privacidad - Detecno Costa Rica I Facturaci\u00f3n Electr\u00f3nica, Firma Digital, EDI y Comercio B2B","robots":{"index":"index","follow":"follow","max-snippet":"max-snippet:-1","max-image-preview":"max-image-preview:large","max-video-preview":"max-video-preview:-1"},"canonical":"https:\/\/www.detecno.com\/costa-rica\/aviso-de-privacidad\/","og_locale":"es_ES","og_type":"article","og_title":"Aviso de Privacidad - Detecno Costa Rica I Facturaci\u00f3n Electr\u00f3nica, Firma Digital, EDI y Comercio B2B","og_description":"[vc_row full_width=&#8221;stretch_row&#8221; gap=&#8221;30&#8243; equal_height=&#8221;yes&#8221; content_placement=&#8221;middle&#8221; kd_background_image_position=&#8221;vc_row-bg-position-top&#8221; css=&#8221;.vc_custom_1662097478521{background-color: #2c4a96 !important;}&#8221; el_class=&#8221;banner-sp&#8221;][vc_column width=&#8221;1\/2&#8243;][\/vc_column][vc_column width=&#8221;1\/2&#8243;][vc_single_image image=&#8221;4668&#8243; img_size=&#8221;full&#8221; alignment=&#8221;right&#8221; el_class=&#8221;resize-on-xs&#8221; css=&#8221;.vc_custom_1662142596463{margin-bottom: -20px !important;}&#8221;][\/vc_column][\/vc_row][vc_row kd_background_image_position=&#8221;vc_row-bg-position-top&#8221; [&hellip;]","og_url":"https:\/\/www.detecno.com\/costa-rica\/aviso-de-privacidad\/","og_site_name":"Detecno Costa Rica I Facturaci\u00f3n Electr\u00f3nica, Firma Digital, EDI y Comercio B2B","article_publisher":"https:\/\/www.facebook.com\/DetecnoMx","article_modified_time":"2022-09-02T18:25:30+00:00","twitter_card":"summary_large_image","twitter_site":"@detecno_","twitter_misc":{"Tiempo de lectura":"7 minutos"},"schema":{"@context":"https:\/\/schema.org","@graph":[{"@type":"WebPage","@id":"https:\/\/www.detecno.com\/costa-rica\/aviso-de-privacidad\/","url":"https:\/\/www.detecno.com\/costa-rica\/aviso-de-privacidad\/","name":"Aviso de Privacidad - Detecno Costa Rica I Facturaci\u00f3n Electr\u00f3nica, Firma Digital, EDI y Comercio B2B","isPartOf":{"@id":"https:\/\/www.detecno.com\/costa-rica\/#website"},"datePublished":"2021-08-09T21:32:57+00:00","dateModified":"2022-09-02T18:25:30+00:00","breadcrumb":{"@id":"https:\/\/www.detecno.com\/costa-rica\/aviso-de-privacidad\/#breadcrumb"},"inLanguage":"es","potentialAction":[{"@type":"ReadAction","target":["https:\/\/www.detecno.com\/costa-rica\/aviso-de-privacidad\/"]}]},{"@type":"BreadcrumbList","@id":"https:\/\/www.detecno.com\/costa-rica\/aviso-de-privacidad\/#breadcrumb","itemListElement":[{"@type":"ListItem","position":1,"name":"Home","item":"https:\/\/www.detecno.com\/costa-rica\/"},{"@type":"ListItem","position":2,"name":"Aviso de Privacidad"}]},{"@type":"WebSite","@id":"https:\/\/www.detecno.com\/costa-rica\/#website","url":"https:\/\/www.detecno.com\/costa-rica\/","name":"Detecno Costa Rica I Facturaci\u00f3n Electr\u00f3nica, Firma Digital, EDI y Comercio B2B","description":"Tu aliado en transformaci\u00f3n fiscal, mercantil y laboral.","publisher":{"@id":"https:\/\/www.detecno.com\/costa-rica\/#organization"},"potentialAction":[{"@type":"SearchAction","target":{"@type":"EntryPoint","urlTemplate":"https:\/\/www.detecno.com\/costa-rica\/?s={search_term_string}"},"query-input":"required name=search_term_string"}],"inLanguage":"es"},{"@type":"Organization","@id":"https:\/\/www.detecno.com\/costa-rica\/#organization","name":"Detecno Costa Rica I Facturaci\u00f3n Electr\u00f3nica, Firma Digital, EDI y Comercio B2B","url":"https:\/\/www.detecno.com\/costa-rica\/","logo":{"@type":"ImageObject","inLanguage":"es","@id":"https:\/\/www.detecno.com\/costa-rica\/#\/schema\/logo\/image\/","url":"https:\/\/www.detecno.com\/costa-rica\/wp-content\/uploads\/2022\/02\/detecno_color.png","contentUrl":"https:\/\/www.detecno.com\/costa-rica\/wp-content\/uploads\/2022\/02\/detecno_color.png","width":111,"height":56,"caption":"Detecno Costa Rica I Facturaci\u00f3n Electr\u00f3nica, Firma Digital, EDI y Comercio B2B"},"image":{"@id":"https:\/\/www.detecno.com\/costa-rica\/#\/schema\/logo\/image\/"},"sameAs":["https:\/\/www.facebook.com\/DetecnoMx","https:\/\/twitter.com\/detecno_","https:\/\/www.instagram.com\/detecno\/","https:\/\/www.linkedin.com\/company\/detecno-s-a-de-c-v-\/"]}]}},"_links":{"self":[{"href":"https:\/\/www.detecno.com\/costa-rica\/wp-json\/wp\/v2\/pages\/3"}],"collection":[{"href":"https:\/\/www.detecno.com\/costa-rica\/wp-json\/wp\/v2\/pages"}],"about":[{"href":"https:\/\/www.detecno.com\/costa-rica\/wp-json\/wp\/v2\/types\/page"}],"author":[{"embeddable":true,"href":"https:\/\/www.detecno.com\/costa-rica\/wp-json\/wp\/v2\/users\/1"}],"replies":[{"embeddable":true,"href":"https:\/\/www.detecno.com\/costa-rica\/wp-json\/wp\/v2\/comments?post=3"}],"version-history":[{"count":9,"href":"https:\/\/www.detecno.com\/costa-rica\/wp-json\/wp\/v2\/pages\/3\/revisions"}],"predecessor-version":[{"id":4679,"href":"https:\/\/www.detecno.com\/costa-rica\/wp-json\/wp\/v2\/pages\/3\/revisions\/4679"}],"wp:attachment":[{"href":"https:\/\/www.detecno.com\/costa-rica\/wp-json\/wp\/v2\/media?parent=3"}],"curies":[{"name":"wp","href":"https:\/\/api.w.org\/{rel}","templated":true}]}}