{"id":176,"date":"2021-08-23T21:25:13","date_gmt":"2021-08-23T21:25:13","guid":{"rendered":"http:\/\/20.64.113.230\/?page_id=176"},"modified":"2022-10-03T23:06:20","modified_gmt":"2022-10-03T23:06:20","slug":"contacto","status":"publish","type":"page","link":"https:\/\/www.detecno.com\/costa-rica\/contacto\/","title":{"rendered":"Contacto"},"content":{"rendered":"<section class=\"wpb-content-wrapper\"><p>[vc_row full_width=&#8221;stretch_row&#8221; gap=&#8221;30&#8243; equal_height=&#8221;yes&#8221; content_placement=&#8221;middle&#8221; kd_background_image_position=&#8221;vc_row-bg-position-top&#8221; css=&#8221;.vc_custom_1662097478521{background-color: #2c4a96 !important;}&#8221; el_class=&#8221;banner-sp&#8221;][vc_column width=&#8221;1\/2&#8243;]<header class=\"kd-section-title col-lg-12 text-left  subtitle-below-title   \" ><h1 class=\"separator_off\" style=\"color: #ffffff;font-weight: 700;\"><b>Obt\u00e9n una soluci\u00f3n flexible y eficiente<\/b> que aporte valor agregado a tu empresa.<\/h1><\/header>[\/vc_column][vc_column width=&#8221;1\/2&#8243;][vc_single_image image=&#8221;4668&#8243; img_size=&#8221;full&#8221; alignment=&#8221;right&#8221; el_class=&#8221;resize-on-xs&#8221; css=&#8221;.vc_custom_1662142596463{margin-bottom: -20px !important;}&#8221;][\/vc_column][\/vc_row][vc_section][vc_row kd_background_image_position=&#8221;vc_row-bg-position-top&#8221;][vc_column offset=&#8221;vc_hidden-sm vc_hidden-xs&#8221;][vc_empty_space height=&#8221;100px&#8221;][\/vc_column][\/vc_row][vc_row kd_background_image_position=&#8221;vc_row-bg-position-top&#8221;][vc_column offset=&#8221;vc_hidden-lg vc_hidden-md&#8221;][vc_empty_space height=&#8221;50px&#8221;][\/vc_column][\/vc_row][vc_row kd_background_image_position=&#8221;vc_row-bg-position-top&#8221;][vc_column]<header class=\"kd-section-title col-lg-12 text-center  subtitle-below-title   \" ><h2 class=\"separator_off\" style=\"color: #2c4a96;font-size: 48px;font-weight: 700;\">La transformaci\u00f3n digital<\/h2><h6 class=\"subtitle\" style=\"color: #2c4a96;\">Y la innovaci\u00f3n tecnol\u00f3gica es la ventaja competitiva principal de las empresas de hoy.<\/h6><\/header>[vc_empty_space height=&#8221;50px&#8221;][\/vc_column][\/vc_row][vc_row kd_background_image_position=&#8221;vc_row-bg-position-top&#8221;][vc_column width=&#8221;1\/2&#8243;]<header class=\"kd-section-title col-lg-12 text-center  subtitle-below-title   \" ><h2 class=\"separator_off\" style=\"color: #2c4a96;font-weight: 100;\"><b>\u00a1Ll\u00e1manos,<\/b> estamos listos para resolver tus dudas!<\/h2><\/header>[vc_row_inner kd_background_image_position=&#8221;vc_row-bg-position-top&#8221;][vc_column_inner el_class=&#8221;cities-tel&#8221;][vc_toggle title=&#8221;CDMX&#8221; style=&#8221;text_only&#8221; color=&#8221;turquoise&#8221; size=&#8221;lg&#8221; el_class=&#8221;ct-tel&#8221;]<\/p>\n<p style=\"text-align: center;\"><span style=\"color: #00ceff;\">(55) 4737-9271<\/span><\/p>\n<p>[\/vc_toggle][vc_toggle title=&#8221;Monterrey&#8221; style=&#8221;text_only&#8221; color=&#8221;turquoise&#8221; size=&#8221;lg&#8221; el_class=&#8221;ct-tel&#8221;]<\/p>\n<p style=\"text-align: center;\"><span style=\"color: #00ceff;\">(81) 47 37-6096<\/span><\/p>\n<p>[\/vc_toggle][vc_toggle title=&#8221;Guadalajara&#8221; style=&#8221;text_only&#8221; color=&#8221;turquoise&#8221; size=&#8221;lg&#8221; el_class=&#8221;ct-tel&#8221;]<\/p>\n<p style=\"text-align: center;\"><span style=\"color: #00ceff;\">(33) 47 37-7047<\/span><\/p>\n<p>[\/vc_toggle][\/vc_column_inner][\/vc_row_inner][vc_row_inner disable_element=&#8221;yes&#8221; kd_background_image_position=&#8221;vc_row-bg-position-top&#8221;][vc_column_inner width=&#8221;1\/3&#8243; css_mobile=&#8221;.vc_custom_1630625166737{padding-bottom: 20px !important;}&#8221;][\/vc_column_inner][vc_column_inner width=&#8221;1\/3&#8243; css_mobile=&#8221;.vc_custom_1639784218689{padding-bottom: 20px !important;}&#8221; offset=&#8221;vc_hidden-lg vc_hidden-md vc_hidden-sm vc_hidden-xs&#8221;][vc_toggle title=&#8221;S.L.P&#8221; style=&#8221;text_only&#8221; color=&#8221;turquoise&#8221; size=&#8221;lg&#8221; el_class=&#8221;ct-tel&#8221;]<\/p>\n<p style=\"text-align: center;\">(44) 42 740 195<\/p>\n<p>[\/vc_toggle][vc_toggle title=&#8221;Canc\u00fan&#8221; style=&#8221;text_only&#8221; color=&#8221;turquoise&#8221; size=&#8221;lg&#8221; el_class=&#8221;ct-tel&#8221; css=&#8221;.vc_custom_1630623920951{margin-bottom: 20px !important;}&#8221;]<\/p>\n<p style=\"text-align: center;\">(99) 88 001 195<\/p>\n<p>[\/vc_toggle][\/vc_column_inner][vc_column_inner width=&#8221;1\/3&#8243; offset=&#8221;vc_hidden-lg vc_hidden-md vc_hidden-sm vc_hidden-xs&#8221;][vc_toggle title=&#8221;Puebla&#8221; style=&#8221;text_only&#8221; color=&#8221;turquoise&#8221; size=&#8221;lg&#8221; el_class=&#8221;ct-tel&#8221; css=&#8221;.vc_custom_1630625145962{margin-bottom: 20px !important;}&#8221;]<\/p>\n<p style=\"text-align: center;\">(22) 26 440 794<\/p>\n<p>[\/vc_toggle][vc_toggle title=&#8221;Tijuana&#8221; style=&#8221;text_only&#8221; color=&#8221;turquoise&#8221; size=&#8221;lg&#8221; el_class=&#8221;ct-tel&#8221; css=&#8221;.vc_custom_1630623928759{margin-bottom: 20px !important;}&#8221;]<\/p>\n<p style=\"text-align: center;\">(66) 46 150 411<\/p>\n<p>[\/vc_toggle][\/vc_column_inner][\/vc_row_inner][\/vc_column][vc_column width=&#8221;1\/2&#8243; css_mobile=&#8221;.vc_custom_1630625005165{margin-top: 30px !important;}&#8221;]\n<div class=\"wpcf7 no-js\" id=\"wpcf7-f330-o1\" lang=\"en-US\" dir=\"ltr\">\n<div class=\"screen-reader-response\"><p role=\"status\" aria-live=\"polite\" aria-atomic=\"true\"><\/p> <ul><\/ul><\/div>\n<form action=\"\/costa-rica\/wp-json\/wp\/v2\/pages\/176#wpcf7-f330-o1\" method=\"post\" class=\"wpcf7-form init cmonitor-ext-0.4.67\" aria-label=\"Contact form\" novalidate=\"novalidate\" data-status=\"init\">\n<div style=\"display: none;\">\n<input type=\"hidden\" name=\"_wpcf7\" value=\"330\" \/>\n<input type=\"hidden\" name=\"_wpcf7_version\" value=\"5.8.7\" \/>\n<input type=\"hidden\" name=\"_wpcf7_locale\" value=\"en_US\" \/>\n<input type=\"hidden\" name=\"_wpcf7_unit_tag\" value=\"wpcf7-f330-o1\" \/>\n<input type=\"hidden\" name=\"_wpcf7_container_post\" value=\"0\" \/>\n<input type=\"hidden\" name=\"_wpcf7_posted_data_hash\" value=\"\" \/>\n<input type=\"hidden\" name=\"_wpcf7_recaptcha_response\" value=\"\" \/>\n<\/div>\n<div class=\"contact-form\">\n\t<div class=\"cform\">\n\t\t<h2 class=\"c-light-blue\">Podemos ayudarte\n\t\t<\/h2>\n\t\t<p class=\"c-light-blue\" style=\"margin-bottom:25px;\">Escr\u00edbenos y un especialista te contactar\u00e1 muy pronto\n\t\t<\/p>\n\t\t<p><label><span class=\"wpcf7-form-control-wrap\" data-name=\"your-name\"><input size=\"40\" class=\"wpcf7-form-control wpcf7-text wpcf7-validates-as-required\" aria-required=\"true\" aria-invalid=\"false\" placeholder=\"Nombre\" value=\"\" type=\"text\" name=\"your-name\" \/><\/span> <\/label>\n\t\t<\/p>\n\t\t<p><label><span class=\"wpcf7-form-control-wrap\" data-name=\"your-email\"><input size=\"40\" class=\"wpcf7-form-control wpcf7-email wpcf7-validates-as-required wpcf7-text wpcf7-validates-as-email\" aria-required=\"true\" aria-invalid=\"false\" placeholder=\"Correo\" value=\"\" type=\"email\" name=\"your-email\" \/><\/span><\/label>\n\t\t<\/p>\n\t\t<p><label><span class=\"wpcf7-form-control-wrap\" data-name=\"your-number\"><input class=\"wpcf7-form-control wpcf7-number wpcf7-validates-as-required wpcf7-validates-as-number\" aria-required=\"true\" aria-invalid=\"false\" placeholder=\"Tel\u00e9fono\" value=\"\" type=\"number\" name=\"your-number\" \/><\/span><\/label>\n\t\t<\/p>\n\t\t<p><label>\u00bfEn que podemos ayudarte? <span class=\"wpcf7-form-control-wrap\" data-name=\"asunto\"><select class=\"wpcf7-form-control wpcf7-select wpcf7-validates-as-required\" id=\"asunto\" aria-required=\"true\" aria-invalid=\"false\" name=\"asunto\"><option value=\"Da clic y elige tu opci\u00f3n de inter\u00e9s\">Da clic y elige tu opci\u00f3n de inter\u00e9s<\/option><option value=\"Soporte\">Soporte<\/option><option value=\"Ventas\">Ventas<\/option><option value=\"Informaci\u00f3n para partners\">Informaci\u00f3n para partners<\/option><option value=\"Renovaciones o cr\u00e9ditos\">Renovaciones o cr\u00e9ditos<\/option><\/select><\/span><\/label>\n\t\t<\/p>\n\t\t<p><label><span class=\"wpcf7-form-control-wrap\" data-name=\"your-message\"><textarea cols=\"40\" rows=\"10\" class=\"wpcf7-form-control wpcf7-textarea\" aria-invalid=\"false\" placeholder=\"Mensaje\" name=\"your-message\"><\/textarea><\/span><\/label>\n\t\t<\/p>\n\t<span class=\"wpcf7-form-control-wrap recaptcha\" data-name=\"recaptcha\"><span data-sitekey=\"6Lf3PmMiAAAAAPvXOWWXe16ANlqoaVSZnEGXAj3P\" class=\"wpcf7-form-control wpcf7-recaptcha g-recaptcha\"><\/span>\r\n<noscript>\r\n\t<div class=\"grecaptcha-noscript\">\r\n\t\t<iframe src=\"https:\/\/www.google.com\/recaptcha\/api\/fallback?k=6Lf3PmMiAAAAAPvXOWWXe16ANlqoaVSZnEGXAj3P\" frameborder=\"0\" scrolling=\"no\" width=\"310\" height=\"430\">\r\n\t\t<\/iframe>\r\n\t\t<textarea name=\"g-recaptcha-response\" rows=\"3\" cols=\"40\" placeholder=\"reCaptcha Response Here\">\r\n\t\t<\/textarea>\r\n\t<\/div>\r\n<\/noscript>\r\n<\/span>\n\t\t<p><input class=\"wpcf7-form-control wpcf7-submit has-spinner\" type=\"submit\" value=\"Enviar\" \/>\n\t\t<\/p>\n\t<\/div>\n<\/div><input type='hidden' class='wpcf7-pum' value='{\"closepopup\":false,\"closedelay\":0,\"openpopup\":false,\"openpopup_id\":0}' \/><div class=\"wpcf7-response-output\" aria-hidden=\"true\"><\/div><p style=\"display: none !important\"><span class=\"wpcf7-form-control-wrap referer-page\"><input type=\"text\" name=\"referer-page\" value=\"http:\/\/Direct%20Visit\" data-value=\"http:\/\/Direct%20Visit\" size=\"40\" class=\"wpcf7-form-control wpcf7-text referer-page\" aria-invalid=\"false\"><\/span><\/p>\n<!-- campaignmonitor extension by Renzo Johnson -->\n<\/form>\n<\/div>\n[\/vc_column][\/vc_row][\/vc_section][vc_section full_width=&#8221;stretch_row&#8221;][vc_row kd_background_image_position=&#8221;vc_row-bg-position-top&#8221;][vc_column][vc_empty_space height=&#8221;50px&#8221;]<header class=\"kd-section-title col-lg-12 text-center  subtitle-below-title   \" ><h3 class=\"separator_off\" style=\"color: #00ceff;font-size: 2.5em;\">\u00a1S\u00edguenos en redes sociales!<\/h3><\/header><div class=\"kd-social-profiles icon-center-align icon-element-background bg-shape-circle hover-default  kd-social-profiles\" style=\"font-size:2em;\" ><ul class=\"kd-social-list clearfix\"><li style=\"background-color:#00ceff\"><a target=\"_blank\" href=\"https:\/\/www.instagram.com\/detecno\/\"><i class=\"fab fa-instagram\" style=\"color: #ffffff;\"><\/i><\/a><\/li><li style=\"background-color:#00ceff\"><a target=\"_blank\" href=\"https:\/\/twitter.com\/detecno_?t=QJ8FgRXLhNCgifjoOtcZnw&amp;s=09\"><i class=\"fab fa-twitter\" style=\"color: #ffffff;\"><\/i><\/a><\/li><\/ul><\/div>[vc_empty_space height=&#8221;50px&#8221;][\/vc_column][\/vc_row][\/vc_section]<\/p>\n<\/section>","protected":false},"excerpt":{"rendered":"<p>[vc_row full_width=&#8221;stretch_row&#8221; gap=&#8221;30&#8243; equal_height=&#8221;yes&#8221; content_placement=&#8221;middle&#8221; kd_background_image_position=&#8221;vc_row-bg-position-top&#8221; css=&#8221;.vc_custom_1662097478521{background-color: #2c4a96 !important;}&#8221; el_class=&#8221;banner-sp&#8221;][vc_column width=&#8221;1\/2&#8243;][\/vc_column][vc_column width=&#8221;1\/2&#8243;][vc_single_image image=&#8221;4668&#8243; img_size=&#8221;full&#8221; alignment=&#8221;right&#8221; el_class=&#8221;resize-on-xs&#8221; css=&#8221;.vc_custom_1662142596463{margin-bottom: -20px !important;}&#8221;][\/vc_column][\/vc_row][vc_section][vc_row kd_background_image_position=&#8221;vc_row-bg-position-top&#8221;][vc_column [&hellip;]<\/p>\n","protected":false},"author":1,"featured_media":0,"parent":0,"menu_order":0,"comment_status":"closed","ping_status":"closed","template":"","meta":[],"yoast_head":"<!-- This site is optimized with the Yoast SEO plugin v20.8 - https:\/\/yoast.com\/wordpress\/plugins\/seo\/ -->\n<title>Cont\u00e1ctanos I Soluciones eficientes para tu empresa<\/title>\n<meta name=\"description\" content=\"Resuelve hoy todas tus dudas sobre facturaci\u00f3n electr\u00f3nica, firma digital, EDI y comercio electr\u00f3nico B2B.\" \/>\n<meta name=\"robots\" content=\"index, follow, max-snippet:-1, max-image-preview:large, max-video-preview:-1\" \/>\n<link rel=\"canonical\" href=\"https:\/\/www.detecno.com\/costa-rica\/contacto\/\" \/>\n<meta property=\"og:locale\" content=\"es_ES\" \/>\n<meta property=\"og:type\" content=\"article\" \/>\n<meta property=\"og:title\" content=\"Cont\u00e1ctanos I Soluciones eficientes para tu empresa\" \/>\n<meta property=\"og:description\" content=\"Resuelve hoy todas tus dudas sobre facturaci\u00f3n electr\u00f3nica, firma digital, EDI y comercio electr\u00f3nico B2B.\" \/>\n<meta property=\"og:url\" content=\"https:\/\/www.detecno.com\/costa-rica\/contacto\/\" \/>\n<meta property=\"og:site_name\" content=\"Detecno Costa Rica I Facturaci\u00f3n Electr\u00f3nica, Firma Digital, EDI y Comercio B2B\" \/>\n<meta property=\"article:publisher\" content=\"https:\/\/www.facebook.com\/DetecnoMx\" \/>\n<meta property=\"article:modified_time\" content=\"2022-10-03T23:06:20+00:00\" \/>\n<meta name=\"twitter:card\" content=\"summary_large_image\" \/>\n<meta name=\"twitter:site\" content=\"@detecno_\" \/>\n<meta name=\"twitter:label1\" content=\"Tiempo de lectura\" \/>\n\t<meta name=\"twitter:data1\" content=\"1 minuto\" \/>\n<script type=\"application\/ld+json\" class=\"yoast-schema-graph\">{\"@context\":\"https:\/\/schema.org\",\"@graph\":[{\"@type\":\"WebPage\",\"@id\":\"https:\/\/www.detecno.com\/costa-rica\/contacto\/\",\"url\":\"https:\/\/www.detecno.com\/costa-rica\/contacto\/\",\"name\":\"Cont\u00e1ctanos I Soluciones eficientes para tu empresa\",\"isPartOf\":{\"@id\":\"https:\/\/www.detecno.com\/costa-rica\/#website\"},\"datePublished\":\"2021-08-23T21:25:13+00:00\",\"dateModified\":\"2022-10-03T23:06:20+00:00\",\"description\":\"Resuelve hoy todas tus dudas sobre facturaci\u00f3n electr\u00f3nica, firma digital, EDI y comercio electr\u00f3nico B2B.\",\"breadcrumb\":{\"@id\":\"https:\/\/www.detecno.com\/costa-rica\/contacto\/#breadcrumb\"},\"inLanguage\":\"es\",\"potentialAction\":[{\"@type\":\"ReadAction\",\"target\":[\"https:\/\/www.detecno.com\/costa-rica\/contacto\/\"]}]},{\"@type\":\"BreadcrumbList\",\"@id\":\"https:\/\/www.detecno.com\/costa-rica\/contacto\/#breadcrumb\",\"itemListElement\":[{\"@type\":\"ListItem\",\"position\":1,\"name\":\"Home\",\"item\":\"https:\/\/www.detecno.com\/costa-rica\/\"},{\"@type\":\"ListItem\",\"position\":2,\"name\":\"Contacto\"}]},{\"@type\":\"WebSite\",\"@id\":\"https:\/\/www.detecno.com\/costa-rica\/#website\",\"url\":\"https:\/\/www.detecno.com\/costa-rica\/\",\"name\":\"Detecno Costa Rica I Facturaci\u00f3n Electr\u00f3nica, Firma Digital, EDI y Comercio B2B\",\"description\":\"Tu aliado en transformaci\u00f3n fiscal, mercantil y laboral.\",\"publisher\":{\"@id\":\"https:\/\/www.detecno.com\/costa-rica\/#organization\"},\"potentialAction\":[{\"@type\":\"SearchAction\",\"target\":{\"@type\":\"EntryPoint\",\"urlTemplate\":\"https:\/\/www.detecno.com\/costa-rica\/?s={search_term_string}\"},\"query-input\":\"required name=search_term_string\"}],\"inLanguage\":\"es\"},{\"@type\":\"Organization\",\"@id\":\"https:\/\/www.detecno.com\/costa-rica\/#organization\",\"name\":\"Detecno Costa Rica I Facturaci\u00f3n Electr\u00f3nica, Firma Digital, EDI y Comercio B2B\",\"url\":\"https:\/\/www.detecno.com\/costa-rica\/\",\"logo\":{\"@type\":\"ImageObject\",\"inLanguage\":\"es\",\"@id\":\"https:\/\/www.detecno.com\/costa-rica\/#\/schema\/logo\/image\/\",\"url\":\"https:\/\/www.detecno.com\/costa-rica\/wp-content\/uploads\/2022\/02\/detecno_color.png\",\"contentUrl\":\"https:\/\/www.detecno.com\/costa-rica\/wp-content\/uploads\/2022\/02\/detecno_color.png\",\"width\":111,\"height\":56,\"caption\":\"Detecno Costa Rica I Facturaci\u00f3n Electr\u00f3nica, Firma Digital, EDI y Comercio B2B\"},\"image\":{\"@id\":\"https:\/\/www.detecno.com\/costa-rica\/#\/schema\/logo\/image\/\"},\"sameAs\":[\"https:\/\/www.facebook.com\/DetecnoMx\",\"https:\/\/twitter.com\/detecno_\",\"https:\/\/www.instagram.com\/detecno\/\",\"https:\/\/www.linkedin.com\/company\/detecno-s-a-de-c-v-\/\"]}]}<\/script>\n<!-- \/ Yoast SEO plugin. -->","yoast_head_json":{"title":"Cont\u00e1ctanos I Soluciones eficientes para tu empresa","description":"Resuelve hoy todas tus dudas sobre facturaci\u00f3n electr\u00f3nica, firma digital, EDI y comercio electr\u00f3nico B2B.","robots":{"index":"index","follow":"follow","max-snippet":"max-snippet:-1","max-image-preview":"max-image-preview:large","max-video-preview":"max-video-preview:-1"},"canonical":"https:\/\/www.detecno.com\/costa-rica\/contacto\/","og_locale":"es_ES","og_type":"article","og_title":"Cont\u00e1ctanos I Soluciones eficientes para tu empresa","og_description":"Resuelve hoy todas tus dudas sobre facturaci\u00f3n electr\u00f3nica, firma digital, EDI y comercio electr\u00f3nico B2B.","og_url":"https:\/\/www.detecno.com\/costa-rica\/contacto\/","og_site_name":"Detecno Costa Rica I Facturaci\u00f3n Electr\u00f3nica, Firma Digital, EDI y Comercio B2B","article_publisher":"https:\/\/www.facebook.com\/DetecnoMx","article_modified_time":"2022-10-03T23:06:20+00:00","twitter_card":"summary_large_image","twitter_site":"@detecno_","twitter_misc":{"Tiempo de lectura":"1 minuto"},"schema":{"@context":"https:\/\/schema.org","@graph":[{"@type":"WebPage","@id":"https:\/\/www.detecno.com\/costa-rica\/contacto\/","url":"https:\/\/www.detecno.com\/costa-rica\/contacto\/","name":"Cont\u00e1ctanos I Soluciones eficientes para tu empresa","isPartOf":{"@id":"https:\/\/www.detecno.com\/costa-rica\/#website"},"datePublished":"2021-08-23T21:25:13+00:00","dateModified":"2022-10-03T23:06:20+00:00","description":"Resuelve hoy todas tus dudas sobre facturaci\u00f3n electr\u00f3nica, firma digital, EDI y comercio electr\u00f3nico B2B.","breadcrumb":{"@id":"https:\/\/www.detecno.com\/costa-rica\/contacto\/#breadcrumb"},"inLanguage":"es","potentialAction":[{"@type":"ReadAction","target":["https:\/\/www.detecno.com\/costa-rica\/contacto\/"]}]},{"@type":"BreadcrumbList","@id":"https:\/\/www.detecno.com\/costa-rica\/contacto\/#breadcrumb","itemListElement":[{"@type":"ListItem","position":1,"name":"Home","item":"https:\/\/www.detecno.com\/costa-rica\/"},{"@type":"ListItem","position":2,"name":"Contacto"}]},{"@type":"WebSite","@id":"https:\/\/www.detecno.com\/costa-rica\/#website","url":"https:\/\/www.detecno.com\/costa-rica\/","name":"Detecno Costa Rica I Facturaci\u00f3n Electr\u00f3nica, Firma Digital, EDI y Comercio B2B","description":"Tu aliado en transformaci\u00f3n fiscal, mercantil y laboral.","publisher":{"@id":"https:\/\/www.detecno.com\/costa-rica\/#organization"},"potentialAction":[{"@type":"SearchAction","target":{"@type":"EntryPoint","urlTemplate":"https:\/\/www.detecno.com\/costa-rica\/?s={search_term_string}"},"query-input":"required name=search_term_string"}],"inLanguage":"es"},{"@type":"Organization","@id":"https:\/\/www.detecno.com\/costa-rica\/#organization","name":"Detecno Costa Rica I Facturaci\u00f3n Electr\u00f3nica, Firma Digital, EDI y Comercio B2B","url":"https:\/\/www.detecno.com\/costa-rica\/","logo":{"@type":"ImageObject","inLanguage":"es","@id":"https:\/\/www.detecno.com\/costa-rica\/#\/schema\/logo\/image\/","url":"https:\/\/www.detecno.com\/costa-rica\/wp-content\/uploads\/2022\/02\/detecno_color.png","contentUrl":"https:\/\/www.detecno.com\/costa-rica\/wp-content\/uploads\/2022\/02\/detecno_color.png","width":111,"height":56,"caption":"Detecno Costa Rica I Facturaci\u00f3n Electr\u00f3nica, Firma Digital, EDI y Comercio B2B"},"image":{"@id":"https:\/\/www.detecno.com\/costa-rica\/#\/schema\/logo\/image\/"},"sameAs":["https:\/\/www.facebook.com\/DetecnoMx","https:\/\/twitter.com\/detecno_","https:\/\/www.instagram.com\/detecno\/","https:\/\/www.linkedin.com\/company\/detecno-s-a-de-c-v-\/"]}]}},"_links":{"self":[{"href":"https:\/\/www.detecno.com\/costa-rica\/wp-json\/wp\/v2\/pages\/176"}],"collection":[{"href":"https:\/\/www.detecno.com\/costa-rica\/wp-json\/wp\/v2\/pages"}],"about":[{"href":"https:\/\/www.detecno.com\/costa-rica\/wp-json\/wp\/v2\/types\/page"}],"author":[{"embeddable":true,"href":"https:\/\/www.detecno.com\/costa-rica\/wp-json\/wp\/v2\/users\/1"}],"replies":[{"embeddable":true,"href":"https:\/\/www.detecno.com\/costa-rica\/wp-json\/wp\/v2\/comments?post=176"}],"version-history":[{"count":66,"href":"https:\/\/www.detecno.com\/costa-rica\/wp-json\/wp\/v2\/pages\/176\/revisions"}],"predecessor-version":[{"id":4885,"href":"https:\/\/www.detecno.com\/costa-rica\/wp-json\/wp\/v2\/pages\/176\/revisions\/4885"}],"wp:attachment":[{"href":"https:\/\/www.detecno.com\/costa-rica\/wp-json\/wp\/v2\/media?parent=176"}],"curies":[{"name":"wp","href":"https:\/\/api.w.org\/{rel}","templated":true}]}}