{"id":159,"date":"2021-08-23T20:17:14","date_gmt":"2021-08-23T20:17:14","guid":{"rendered":"http:\/\/20.64.113.230\/?page_id=159"},"modified":"2023-04-21T17:02:43","modified_gmt":"2023-04-21T17:02:43","slug":"carrera","status":"publish","type":"page","link":"https:\/\/www.detecno.com\/costa-rica\/carrera\/","title":{"rendered":"Carrera"},"content":{"rendered":"<section class=\"wpb-content-wrapper\"><p>[vc_row full_width=&#8221;stretch_row&#8221; gap=&#8221;30&#8243; equal_height=&#8221;yes&#8221; content_placement=&#8221;middle&#8221; kd_background_image_position=&#8221;vc_row-bg-position-top&#8221; css=&#8221;.vc_custom_1662097478521{background-color: #2c4a96 !important;}&#8221; el_class=&#8221;banner-sp&#8221;][vc_column width=&#8221;1\/2&#8243;]<header class=\"kd-section-title col-lg-12 text-left  subtitle-below-title   \" ><h1 class=\"separator_off\" style=\"color: #ffffff;font-weight: 700;\">En un mundo de retos, en Detecno <b>cada d\u00eda es una oportunidad para crecer.<\/b><\/h1><\/header>[\/vc_column][vc_column width=&#8221;1\/2&#8243;][vc_single_image image=&#8221;4668&#8243; img_size=&#8221;full&#8221; alignment=&#8221;right&#8221; el_class=&#8221;resize-on-xs&#8221; css=&#8221;.vc_custom_1662142596463{margin-bottom: -20px !important;}&#8221;][\/vc_column][\/vc_row][vc_row kd_background_image_position=&#8221;vc_row-bg-position-top&#8221; css=&#8221;.vc_custom_1662142859192{margin-top: 100px !important;}&#8221; css_mobile=&#8221;.vc_custom_1662142859193{margin-top: 50px !important;}&#8221;][vc_column]<header class=\"kd-section-title col-lg-12 text-center  subtitle-below-title    vc_custom_1641344581184\" ><h1 class=\"separator_off\" style=\"color: #00ceff;font-size: 2.5em;font-weight: 100;margin-bottom:0px;\">Buscamos talentos como el tuyo<\/h1><h6 class=\"subtitle\" style=\"color: #00ceff;font-size:2.5em;\">\u00a1Creemos juntos el futuro!<\/h6><\/header>[\/vc_column][\/vc_row][vc_row full_width=&#8221;stretch_row&#8221; equal_height=&#8221;yes&#8221; content_placement=&#8221;middle&#8221; kd_background_image_position=&#8221;vc_row-bg-position-top&#8221; css=&#8221;.vc_custom_1662142958360{margin-top: 50px !important;}&#8221; css_mobile=&#8221;.vc_custom_1662142958361{margin-top: 50px !important;}&#8221;][vc_column width=&#8221;1\/2&#8243;]<header class=\"kd-section-title col-lg-12 text-left  subtitle-below-title   \" ><h2 class=\"separator_off\" style=\"color: #2c4a96;font-weight: 100;\"><b>Estudiantes<\/b> y reci\u00e9n egresados<\/h2><\/header>[vc_column_text]<span style=\"color: #0e2d61;\">Contamos con una gran variedad de programas de pasant\u00edas y oportunidades de tiempo completo y medio tiempo dise\u00f1adas para empoderar tu crecimiento profesional.<\/span>[\/vc_column_text][vc_column_text css=&#8221;.vc_custom_1641344443066{margin-bottom: 30px !important;}&#8221;]<span style=\"color: #2c4a96;\"><strong>Conoce las oportunidades para estudiantes.<\/strong><\/span>[\/vc_column_text][vc_btn title=&#8221;Quiero m\u00e1s informaci\u00f3n&#8221; style=&#8221;outline-custom&#8221; outline_custom_color=&#8221;#00ceff&#8221; outline_custom_hover_background=&#8221;#00ceff&#8221; outline_custom_hover_text=&#8221;#ffffff&#8221; shape=&#8221;round&#8221; size=&#8221;lg&#8221; align=&#8221;left&#8221; link=&#8221;url:https%3A%2F%2Fwww.detecno.com%2Fcosta-rica%2Findex.php%2Fcontacto%2F|title:Contacto&#8221;][\/vc_column][vc_column width=&#8221;1\/2&#8243;][vc_single_image image=&#8221;358&#8243; img_size=&#8221;large&#8221; alignment=&#8221;center&#8221; el_class=&#8221;img-career&#8221;][\/vc_column][\/vc_row][vc_row full_width=&#8221;stretch_row&#8221; equal_height=&#8221;yes&#8221; content_placement=&#8221;middle&#8221; kd_background_image_position=&#8221;vc_row-bg-position-top&#8221; css=&#8221;.vc_custom_1662142964638{margin-top: 50px !important;}&#8221; css_mobile=&#8221;.vc_custom_1662142964639{margin-top: 50px !important;}&#8221;][vc_column width=&#8221;1\/2&#8243;][vc_single_image image=&#8221;360&#8243; img_size=&#8221;medium&#8221; alignment=&#8221;center&#8221; el_class=&#8221;img-career&#8221;][\/vc_column][vc_column width=&#8221;1\/2&#8243;]<header class=\"kd-section-title col-lg-12 text-left  subtitle-below-title   \" ><h2 class=\"separator_off\" style=\"color: #2c4a96;font-weight: 100;\">Profesionistas <b>con experiencia<\/b><\/h2><\/header>[vc_column_text]<span style=\"color: #0e2d61;\">Siempre es un gusto integrar lideres en el crecimiento y transformaci\u00f3n tecnol\u00f3gica de las empresas.<\/span>[\/vc_column_text][vc_column_text css=&#8221;.vc_custom_1641344474760{margin-bottom: 30px !important;}&#8221;]<span style=\"color: #2c4a96;\"><strong>Explora todas las oportunidades para los profesionistas.<\/strong><\/span>[\/vc_column_text][vc_btn title=&#8221;Quiero m\u00e1s informaci\u00f3n&#8221; style=&#8221;outline-custom&#8221; outline_custom_color=&#8221;#00ceff&#8221; outline_custom_hover_background=&#8221;#00ceff&#8221; outline_custom_hover_text=&#8221;#ffffff&#8221; shape=&#8221;round&#8221; size=&#8221;lg&#8221; align=&#8221;left&#8221; link=&#8221;url:https%3A%2F%2Fwww.detecno.com%2Fcosta-rica%2Findex.php%2Fcontacto%2F|title:Contacto&#8221;][\/vc_column][\/vc_row][vc_section][vc_row kd_background_image_position=&#8221;vc_row-bg-position-top&#8221; css=&#8221;.vc_custom_1662142926910{margin-top: 50px !important;}&#8221; css_mobile=&#8221;.vc_custom_1662142926911{margin-top: 50px !important;}&#8221;][vc_column]<header class=\"kd-section-title col-lg-12 text-center  subtitle-below-title   \" ><h2 class=\"separator_off\" style=\"color: #2c4a96;font-weight: 100;\">Con\u00f3cenos en <b>voz de nuestros colaboradores<\/b><\/h2><\/header>[\/vc_column][\/vc_row][vc_row kd_background_image_position=&#8221;vc_row-bg-position-top&#8221;][vc_column][vc_row_inner kd_background_image_position=&#8221;vc_row-bg-position-top&#8221;][vc_column_inner width=&#8221;1\/2&#8243;]<div class=\"team-member design-classic  socials-disabled team\" >\r\n                    <div class=\"team-content\">\r\n                        <div class=\"team-image-overlay\"><\/div>\r\n                        <div class=\"team-image\"><img width=\"169\" height=\"150\" src=\"https:\/\/www.detecno.com\/costa-rica\/wp-content\/uploads\/2021\/09\/Felipe-Echeverria.png\" class=\"attachment-full\" alt=\"\" decoding=\"async\" loading=\"lazy\" title=\"Felipe-Echeverria\" \/><\/div>\r\n                        <div class=\"team-content-text\" >\r\n                        <div class=\"team-content-text-inner\">\r\n                        <h5 style=\"color: #00ceff;\">Felipe Echeverr\u00eda<\/h5>\r\n                        <span class=\"team-subtitle\" style=\"color: #2c4a96;\"><b>Desarrollador<\/b><\/span>\r\n                        <p style=\"color: #2c4a96;\">En Detecno todos sabemos y amamos lo que hacemos, la determinaci\u00f3n que existe en cada uno de los colaboradores ha logrado la eficiencia de todas las soluciones que hemos creado.<\/p><\/div><\/div>\r\n                    <\/div>\r\n                <\/div>[\/vc_column_inner][vc_column_inner width=&#8221;1\/2&#8243;]<div class=\"team-member design-classic  socials-disabled team\" >\r\n                    <div class=\"team-content\">\r\n                        <div class=\"team-image-overlay\"><\/div>\r\n                        <div class=\"team-image\"><img width=\"169\" height=\"150\" src=\"https:\/\/www.detecno.com\/costa-rica\/wp-content\/uploads\/2021\/09\/Ana-Laura-Guerrero.png\" class=\"attachment-full\" alt=\"\" decoding=\"async\" loading=\"lazy\" title=\"\" \/><\/div>\r\n                        <div class=\"team-content-text\" >\r\n                        <div class=\"team-content-text-inner\">\r\n                        <h5 style=\"color: #00ceff;\">Ana Laura Guerrero<\/h5>\r\n                        <span class=\"team-subtitle\" style=\"color: #2c4a96;\"><b>Project Manager<\/b><\/span>\r\n                        <p style=\"color: #2c4a96;\">Trabajar en Detecno me ha dado la oportunidad de impulsar mis talentos, mis propuestas e ideas se han convertido en proyectos relevantes para nuestros clientes y para la industria, tu voz siempre es v\u00e1lida en Detecno.<\/p><\/div><\/div>\r\n                    <\/div>\r\n                <\/div>[\/vc_column_inner][\/vc_row_inner][\/vc_column][\/vc_row][\/vc_section]<\/p>\n<\/section>","protected":false},"excerpt":{"rendered":"<p>[vc_row full_width=&#8221;stretch_row&#8221; gap=&#8221;30&#8243; equal_height=&#8221;yes&#8221; content_placement=&#8221;middle&#8221; kd_background_image_position=&#8221;vc_row-bg-position-top&#8221; css=&#8221;.vc_custom_1662097478521{background-color: #2c4a96 !important;}&#8221; el_class=&#8221;banner-sp&#8221;][vc_column width=&#8221;1\/2&#8243;][\/vc_column][vc_column width=&#8221;1\/2&#8243;][vc_single_image image=&#8221;4668&#8243; img_size=&#8221;full&#8221; alignment=&#8221;right&#8221; el_class=&#8221;resize-on-xs&#8221; css=&#8221;.vc_custom_1662142596463{margin-bottom: -20px !important;}&#8221;][\/vc_column][\/vc_row][vc_row kd_background_image_position=&#8221;vc_row-bg-position-top&#8221; [&hellip;]<\/p>\n","protected":false},"author":1,"featured_media":0,"parent":0,"menu_order":0,"comment_status":"closed","ping_status":"closed","template":"","meta":[],"yoast_head":"<!-- This site is optimized with the Yoast SEO plugin v20.8 - https:\/\/yoast.com\/wordpress\/plugins\/seo\/ -->\n<title>Carrera - Detecno Costa Rica I Facturaci\u00f3n Electr\u00f3nica, Firma Digital, EDI y Comercio B2B<\/title>\n<meta name=\"robots\" content=\"index, follow, max-snippet:-1, max-image-preview:large, max-video-preview:-1\" \/>\n<link rel=\"canonical\" href=\"https:\/\/www.detecno.com\/costa-rica\/carrera\/\" \/>\n<meta property=\"og:locale\" content=\"es_ES\" \/>\n<meta property=\"og:type\" content=\"article\" \/>\n<meta property=\"og:title\" content=\"Carrera - Detecno Costa Rica I Facturaci\u00f3n Electr\u00f3nica, Firma Digital, EDI y Comercio B2B\" \/>\n<meta property=\"og:description\" content=\"[vc_row full_width=&#8221;stretch_row&#8221; gap=&#8221;30&#8243; equal_height=&#8221;yes&#8221; content_placement=&#8221;middle&#8221; kd_background_image_position=&#8221;vc_row-bg-position-top&#8221; css=&#8221;.vc_custom_1662097478521{background-color: #2c4a96 !important;}&#8221; el_class=&#8221;banner-sp&#8221;][vc_column width=&#8221;1\/2&#8243;][\/vc_column][vc_column width=&#8221;1\/2&#8243;][vc_single_image image=&#8221;4668&#8243; img_size=&#8221;full&#8221; alignment=&#8221;right&#8221; el_class=&#8221;resize-on-xs&#8221; css=&#8221;.vc_custom_1662142596463{margin-bottom: -20px !important;}&#8221;][\/vc_column][\/vc_row][vc_row kd_background_image_position=&#8221;vc_row-bg-position-top&#8221; [&hellip;]\" \/>\n<meta property=\"og:url\" content=\"https:\/\/www.detecno.com\/costa-rica\/carrera\/\" \/>\n<meta property=\"og:site_name\" content=\"Detecno Costa Rica I Facturaci\u00f3n Electr\u00f3nica, Firma Digital, EDI y Comercio B2B\" \/>\n<meta property=\"article:publisher\" content=\"https:\/\/www.facebook.com\/DetecnoMx\" \/>\n<meta property=\"article:modified_time\" content=\"2023-04-21T17:02:43+00:00\" \/>\n<meta name=\"twitter:card\" content=\"summary_large_image\" \/>\n<meta name=\"twitter:site\" content=\"@detecno_\" \/>\n<meta name=\"twitter:label1\" content=\"Tiempo de lectura\" \/>\n\t<meta name=\"twitter:data1\" content=\"2 minutos\" \/>\n<script type=\"application\/ld+json\" class=\"yoast-schema-graph\">{\"@context\":\"https:\/\/schema.org\",\"@graph\":[{\"@type\":\"WebPage\",\"@id\":\"https:\/\/www.detecno.com\/costa-rica\/carrera\/\",\"url\":\"https:\/\/www.detecno.com\/costa-rica\/carrera\/\",\"name\":\"Carrera - Detecno Costa Rica I Facturaci\u00f3n Electr\u00f3nica, Firma Digital, EDI y Comercio B2B\",\"isPartOf\":{\"@id\":\"https:\/\/www.detecno.com\/costa-rica\/#website\"},\"datePublished\":\"2021-08-23T20:17:14+00:00\",\"dateModified\":\"2023-04-21T17:02:43+00:00\",\"breadcrumb\":{\"@id\":\"https:\/\/www.detecno.com\/costa-rica\/carrera\/#breadcrumb\"},\"inLanguage\":\"es\",\"potentialAction\":[{\"@type\":\"ReadAction\",\"target\":[\"https:\/\/www.detecno.com\/costa-rica\/carrera\/\"]}]},{\"@type\":\"BreadcrumbList\",\"@id\":\"https:\/\/www.detecno.com\/costa-rica\/carrera\/#breadcrumb\",\"itemListElement\":[{\"@type\":\"ListItem\",\"position\":1,\"name\":\"Home\",\"item\":\"https:\/\/www.detecno.com\/costa-rica\/\"},{\"@type\":\"ListItem\",\"position\":2,\"name\":\"Carrera\"}]},{\"@type\":\"WebSite\",\"@id\":\"https:\/\/www.detecno.com\/costa-rica\/#website\",\"url\":\"https:\/\/www.detecno.com\/costa-rica\/\",\"name\":\"Detecno Costa Rica I Facturaci\u00f3n Electr\u00f3nica, Firma Digital, EDI y Comercio B2B\",\"description\":\"Tu aliado en transformaci\u00f3n fiscal, mercantil y laboral.\",\"publisher\":{\"@id\":\"https:\/\/www.detecno.com\/costa-rica\/#organization\"},\"potentialAction\":[{\"@type\":\"SearchAction\",\"target\":{\"@type\":\"EntryPoint\",\"urlTemplate\":\"https:\/\/www.detecno.com\/costa-rica\/?s={search_term_string}\"},\"query-input\":\"required name=search_term_string\"}],\"inLanguage\":\"es\"},{\"@type\":\"Organization\",\"@id\":\"https:\/\/www.detecno.com\/costa-rica\/#organization\",\"name\":\"Detecno Costa Rica I Facturaci\u00f3n Electr\u00f3nica, Firma Digital, EDI y Comercio B2B\",\"url\":\"https:\/\/www.detecno.com\/costa-rica\/\",\"logo\":{\"@type\":\"ImageObject\",\"inLanguage\":\"es\",\"@id\":\"https:\/\/www.detecno.com\/costa-rica\/#\/schema\/logo\/image\/\",\"url\":\"https:\/\/www.detecno.com\/costa-rica\/wp-content\/uploads\/2022\/02\/detecno_color.png\",\"contentUrl\":\"https:\/\/www.detecno.com\/costa-rica\/wp-content\/uploads\/2022\/02\/detecno_color.png\",\"width\":111,\"height\":56,\"caption\":\"Detecno Costa Rica I Facturaci\u00f3n Electr\u00f3nica, Firma Digital, EDI y Comercio B2B\"},\"image\":{\"@id\":\"https:\/\/www.detecno.com\/costa-rica\/#\/schema\/logo\/image\/\"},\"sameAs\":[\"https:\/\/www.facebook.com\/DetecnoMx\",\"https:\/\/twitter.com\/detecno_\",\"https:\/\/www.instagram.com\/detecno\/\",\"https:\/\/www.linkedin.com\/company\/detecno-s-a-de-c-v-\/\"]}]}<\/script>\n<!-- \/ Yoast SEO plugin. -->","yoast_head_json":{"title":"Carrera - Detecno Costa Rica I Facturaci\u00f3n Electr\u00f3nica, Firma Digital, EDI y Comercio B2B","robots":{"index":"index","follow":"follow","max-snippet":"max-snippet:-1","max-image-preview":"max-image-preview:large","max-video-preview":"max-video-preview:-1"},"canonical":"https:\/\/www.detecno.com\/costa-rica\/carrera\/","og_locale":"es_ES","og_type":"article","og_title":"Carrera - Detecno Costa Rica I Facturaci\u00f3n Electr\u00f3nica, Firma Digital, EDI y Comercio B2B","og_description":"[vc_row full_width=&#8221;stretch_row&#8221; gap=&#8221;30&#8243; equal_height=&#8221;yes&#8221; content_placement=&#8221;middle&#8221; kd_background_image_position=&#8221;vc_row-bg-position-top&#8221; css=&#8221;.vc_custom_1662097478521{background-color: #2c4a96 !important;}&#8221; el_class=&#8221;banner-sp&#8221;][vc_column width=&#8221;1\/2&#8243;][\/vc_column][vc_column width=&#8221;1\/2&#8243;][vc_single_image image=&#8221;4668&#8243; img_size=&#8221;full&#8221; alignment=&#8221;right&#8221; el_class=&#8221;resize-on-xs&#8221; css=&#8221;.vc_custom_1662142596463{margin-bottom: -20px !important;}&#8221;][\/vc_column][\/vc_row][vc_row kd_background_image_position=&#8221;vc_row-bg-position-top&#8221; [&hellip;]","og_url":"https:\/\/www.detecno.com\/costa-rica\/carrera\/","og_site_name":"Detecno Costa Rica I Facturaci\u00f3n Electr\u00f3nica, Firma Digital, EDI y Comercio B2B","article_publisher":"https:\/\/www.facebook.com\/DetecnoMx","article_modified_time":"2023-04-21T17:02:43+00:00","twitter_card":"summary_large_image","twitter_site":"@detecno_","twitter_misc":{"Tiempo de lectura":"2 minutos"},"schema":{"@context":"https:\/\/schema.org","@graph":[{"@type":"WebPage","@id":"https:\/\/www.detecno.com\/costa-rica\/carrera\/","url":"https:\/\/www.detecno.com\/costa-rica\/carrera\/","name":"Carrera - Detecno Costa Rica I Facturaci\u00f3n Electr\u00f3nica, Firma Digital, EDI y Comercio B2B","isPartOf":{"@id":"https:\/\/www.detecno.com\/costa-rica\/#website"},"datePublished":"2021-08-23T20:17:14+00:00","dateModified":"2023-04-21T17:02:43+00:00","breadcrumb":{"@id":"https:\/\/www.detecno.com\/costa-rica\/carrera\/#breadcrumb"},"inLanguage":"es","potentialAction":[{"@type":"ReadAction","target":["https:\/\/www.detecno.com\/costa-rica\/carrera\/"]}]},{"@type":"BreadcrumbList","@id":"https:\/\/www.detecno.com\/costa-rica\/carrera\/#breadcrumb","itemListElement":[{"@type":"ListItem","position":1,"name":"Home","item":"https:\/\/www.detecno.com\/costa-rica\/"},{"@type":"ListItem","position":2,"name":"Carrera"}]},{"@type":"WebSite","@id":"https:\/\/www.detecno.com\/costa-rica\/#website","url":"https:\/\/www.detecno.com\/costa-rica\/","name":"Detecno Costa Rica I Facturaci\u00f3n Electr\u00f3nica, Firma Digital, EDI y Comercio B2B","description":"Tu aliado en transformaci\u00f3n fiscal, mercantil y laboral.","publisher":{"@id":"https:\/\/www.detecno.com\/costa-rica\/#organization"},"potentialAction":[{"@type":"SearchAction","target":{"@type":"EntryPoint","urlTemplate":"https:\/\/www.detecno.com\/costa-rica\/?s={search_term_string}"},"query-input":"required name=search_term_string"}],"inLanguage":"es"},{"@type":"Organization","@id":"https:\/\/www.detecno.com\/costa-rica\/#organization","name":"Detecno Costa Rica I Facturaci\u00f3n Electr\u00f3nica, Firma Digital, EDI y Comercio B2B","url":"https:\/\/www.detecno.com\/costa-rica\/","logo":{"@type":"ImageObject","inLanguage":"es","@id":"https:\/\/www.detecno.com\/costa-rica\/#\/schema\/logo\/image\/","url":"https:\/\/www.detecno.com\/costa-rica\/wp-content\/uploads\/2022\/02\/detecno_color.png","contentUrl":"https:\/\/www.detecno.com\/costa-rica\/wp-content\/uploads\/2022\/02\/detecno_color.png","width":111,"height":56,"caption":"Detecno Costa Rica I Facturaci\u00f3n Electr\u00f3nica, Firma Digital, EDI y Comercio B2B"},"image":{"@id":"https:\/\/www.detecno.com\/costa-rica\/#\/schema\/logo\/image\/"},"sameAs":["https:\/\/www.facebook.com\/DetecnoMx","https:\/\/twitter.com\/detecno_","https:\/\/www.instagram.com\/detecno\/","https:\/\/www.linkedin.com\/company\/detecno-s-a-de-c-v-\/"]}]}},"_links":{"self":[{"href":"https:\/\/www.detecno.com\/costa-rica\/wp-json\/wp\/v2\/pages\/159"}],"collection":[{"href":"https:\/\/www.detecno.com\/costa-rica\/wp-json\/wp\/v2\/pages"}],"about":[{"href":"https:\/\/www.detecno.com\/costa-rica\/wp-json\/wp\/v2\/types\/page"}],"author":[{"embeddable":true,"href":"https:\/\/www.detecno.com\/costa-rica\/wp-json\/wp\/v2\/users\/1"}],"replies":[{"embeddable":true,"href":"https:\/\/www.detecno.com\/costa-rica\/wp-json\/wp\/v2\/comments?post=159"}],"version-history":[{"count":31,"href":"https:\/\/www.detecno.com\/costa-rica\/wp-json\/wp\/v2\/pages\/159\/revisions"}],"predecessor-version":[{"id":7509,"href":"https:\/\/www.detecno.com\/costa-rica\/wp-json\/wp\/v2\/pages\/159\/revisions\/7509"}],"wp:attachment":[{"href":"https:\/\/www.detecno.com\/costa-rica\/wp-json\/wp\/v2\/media?parent=159"}],"curies":[{"name":"wp","href":"https:\/\/api.w.org\/{rel}","templated":true}]}}